{"id":873,"date":"2025-12-03T21:27:25","date_gmt":"2025-12-03T20:27:25","guid":{"rendered":"https:\/\/www.hollyboot.de\/index.php\/verfuegbarkeit-unserer-hausboote\/"},"modified":"2025-12-03T21:45:07","modified_gmt":"2025-12-03T20:45:07","slug":"verfuegbarkeit-unserer-hausboote","status":"publish","type":"page","link":"https:\/\/www.hollyboot.de\/index.php\/verfuegbarkeit-unserer-hausboote\/","title":{"rendered":"Verf\u00fcgbarkeit unserer Hausboote"},"content":{"rendered":"\n<div class=\"wrap plugin-container\">\n\n\t\n\t\n\t<h3>Verf\u00fcgbarkeitskalender<\/h3>\n\n<div class=\"vbo-availability-controls\">\n\t<form action=\"https:\/\/www.hollyboot.de\/index.php\/suche\/?room_ids%5B0%5D=3\" method=\"post\" name=\"vbmonths\">\n\t\t<select name=\"month\" onchange=\"document.vbmonths.submit();\">\n<option value=\"1777593600\" selected=\"selected\">Mai 2026<\/option>\n<option value=\"1780272000\">Juni 2026<\/option>\n<option value=\"1782864000\">Juli 2026<\/option>\n<option value=\"1785542400\">August 2026<\/option>\n<option value=\"1788220800\">September 2026<\/option>\n<option value=\"1790812800\">Oktober 2026<\/option>\n<option value=\"1793491200\">November 2026<\/option>\n<option value=\"1796083200\">Dezember 2026<\/option>\n<option value=\"1798761600\">Januar 2027<\/option>\n<option value=\"1801440000\">Februar 2027<\/option>\n<option value=\"1803859200\">M\u00e4rz 2027<\/option>\n<option value=\"1806537600\">April 2027<\/option>\n<option value=\"1809129600\">Mai 2027<\/option>\n<\/select>\n\t\t\t<input type=\"hidden\" name=\"room_ids[]\" value=\"3\" \/>\n\t\t\t\t<input type=\"hidden\" name=\"showtype\" value=\"1\" \/>\n\t<\/form>\n\t<div class=\"vblegendediv\">\n\t\t<span class=\"vblegenda\"><span class=\"vblegenda-status vblegfree\">&nbsp;<\/span> <span class=\"vblegenda-lbl\"> Verf\u00fcgbar<\/span><\/span>\n\t\t\t<span class=\"vblegenda\"><span class=\"vblegenda-status vblegwarning\">&nbsp;<\/span> <span class=\"vblegenda-lbl\"> Teilweise reserviert<\/span><\/span>\n\t\t\t\t<span class=\"vblegenda\"><span class=\"vblegenda-status vblegbusy\">&nbsp;<\/span> <span class=\"vblegenda-lbl\"> Nicht verf\u00fcgbar<\/span><\/span>\n\t<\/div>\n<\/div>\n\t\n<div class=\"vbo-availability-wrapper\">\n\t<div class=\"vbo-availability-room-container\">\n\t\t<div class=\"vbo-availability-room-details\">\n\t\t\t<div class=\"vbo-availability-room-details-first\">\n\t\t\t\t<div class=\"vbo-availability-room-details-left\">\n\t\t\t\t\t\t\t\t\t<img decoding=\"async\" src=\"https:\/\/www.hollyboot.de\/wp-content\/plugins\/vikbooking\/site\/resources\/uploads\/1hollyboot3b.png\" alt=\"Hollyboot #2\"\/>\n\t\t\t\t\t\t\t\t\t<\/div>\n\t\t\t\t<div class=\"vbo-availability-room-details-right\">\n\t\t\t\t\t<h4>Hollyboot #2<\/h4>\n\t\t\t\t\t<div class=\"vbo-availability-room-details-descr\">\n\t\t\t\t\t\tEntdecken Sie Brandenburg vom Wasser aus und erleben Sie unvergessliche Abenteuer auf unserem fahrbaren Hollyboot #2. Nach einer ausf\u00fchrlichen Einweisung und dem Erwerb eines Charterscheins sind Sie bestens ger\u00fcstet, um die idyllischen Seen und charmanten Orte Brandenburgs zu entdecken. Buchen Sie jetzt Ihr bewegliches Zuhause f\u00fcr bis zu 4 Personen und genie\u00dfen Sie die Sch\u00f6nheit Brandenburgs aus einer neuen Perspektive!\t\t\t\t\t<\/div>\n\t\t\t\t\t\t\t\t\t<div class=\"room_carats\">\n\t\t\t\t\t\t<div class=\"vbo-room-carats\">\n<span class=\"vbo-room-carat\"><span class=\"vbo-expl\" data-vbo-expl=\"Feuerl\u00f6scher\"><i class=\"fas fa-fire-extinguisher\"><\/i><\/span><\/span>\n<span class=\"vbo-room-carat\"><span class=\"vbo-expl\" data-vbo-expl=\"F\u00fchrerscheinfrei\"><i class=\"fas fa-passport\"><\/i><\/span><\/span>\n<span class=\"vbo-room-carat\"><span class=\"vbo-expl\" data-vbo-expl=\"Anker\"><i class=\"fas fa-anchor\"><\/i><\/span><\/span>\n<span class=\"vbo-room-carat\"><span class=\"vbo-expl\" data-vbo-expl=\"Aussendusche\"><i class=\"fas fa-shower\"><\/i><\/span><\/span>\n<span class=\"vbo-room-carat\"><span class=\"vbo-expl\" data-vbo-expl=\"Aussensitzgruppe\"><i class=\"fas fa-couch\"><\/i><\/span><\/span>\n<span class=\"vbo-room-carat\"><span class=\"vbo-expl\" data-vbo-expl=\"Badeleiter\"><i class=\"fas fa-swimming-pool\"><\/i><\/span><\/span>\n<span class=\"vbo-room-carat\"><span class=\"vbo-expl\" data-vbo-expl=\"Fender\"><i class=\"fas fa-egg\"><\/i><\/span><\/span>\n<span class=\"vbo-room-carat\"><span class=\"vbo-expl\" data-vbo-expl=\"Geschirr\"><i class=\"fas fa-utensils vbo-icn-carat\"><\/i><\/span><\/span>\n<span class=\"vbo-room-carat\"><span class=\"vbo-expl\" data-vbo-expl=\"Heizung\"><i class=\"fas fa-thermometer-full\"><\/i><\/span><\/span>\n<span class=\"vbo-room-carat\"><span class=\"vbo-expl\" data-vbo-expl=\"Kartenmaterial\"><i class=\"fas fa-map\"><\/i><\/span><\/span>\n<span class=\"vbo-room-carat\"><span class=\"vbo-expl\" data-vbo-expl=\"Rettungsring\"><i class=\"fas fa-life-ring\"><\/i><\/span><\/span>\n<span class=\"vbo-room-carat\"><span class=\"vbo-expl\" data-vbo-expl=\"Rettungswesten\"><i class=\"fas fa-tshirt\"><\/i><\/span><\/span>\n<span class=\"vbo-room-carat\"><span class=\"vbo-expl\" data-vbo-expl=\"Solarpanele\"><i class=\"fas fa-solar-panel\"><\/i><\/span><\/span>\n<span class=\"vbo-room-carat\"><span class=\"vbo-expl\" data-vbo-expl=\"Terrasse\"><i class=\"fas fa-umbrella-beach vbo-icn-carat\"><\/i><\/span><\/span>\n<span class=\"vbo-room-carat\"><span class=\"vbo-expl\" data-vbo-expl=\"WC\"><i class=\"fas fa-toilet\"><\/i><\/span><\/span>\n<\/div>\n\t\t\t\t\t<\/div>\n\t\t\t\t\t\t\t\t\t<\/div>\n\t\t\t<\/div>\n\t\t\t<div class=\"vbo-availability-room-details-last vbselectr\">\n\t\t\t\t<div class=\"vbo-availability-room-details-last-inner\">\n\t\t\t\t\t<a class=\"btn vbo-pref-color-btn\" id=\"vbo-av-btn-3\" href=\"https:\/\/www.hollyboot.de\/index.php\/verfuegbarkeit-unserer-hausboote\/?option=com_vikbooking&amp;view=roomdetails&amp;roomid=3&amp;checkin=-1\">Jetzt buchen<\/a>\n\t\t\t\t<\/div>\n\t\t\t\t<div class=\"vbo-availability-room-details-last-checkin\" id=\"vbo-av-checkin-3\"><i class=\"fas fa-right-to-bracket vbo-pref-color-element\"><\/i> <span><\/span><\/div>\n\t\t\t<\/div>\n\t\t<\/div>\n\t\t<div class=\"vbo-availability-room-monthcal table-responsive\">\n\t\t\t<table class=\"table\" id=\"vbo-av-table-3\" data-room-table=\"3\">\n\t\t\t\t<tr class=\"vbo-availability-room-monthdays\">\n\t\t\t\t\t<td class=\"vbo-availability-month-name vbo-pref-color-text\" rowspan=\"2\">Mai 2026<\/td>\n\t\t\t\t\t\t\t\t\t<td class=\"vbo-availability-month-day\">\n\t\t\t\t\t\t<span class=\"vbo-availability-daynumber\">1<\/span>\n\t\t\t\t\t\t<span class=\"vbo-availability-weekday\">Fr<\/span>\n\t\t\t\t\t<\/td>\n\t\t\t\t\t\t\t\t\t\t<td class=\"vbo-availability-month-day\">\n\t\t\t\t\t\t<span class=\"vbo-availability-daynumber\">2<\/span>\n\t\t\t\t\t\t<span class=\"vbo-availability-weekday\">Sa<\/span>\n\t\t\t\t\t<\/td>\n\t\t\t\t\t\t\t\t\t\t<td class=\"vbo-availability-month-day\">\n\t\t\t\t\t\t<span class=\"vbo-availability-daynumber\">3<\/span>\n\t\t\t\t\t\t<span class=\"vbo-availability-weekday\">So<\/span>\n\t\t\t\t\t<\/td>\n\t\t\t\t\t\t\t\t\t\t<td class=\"vbo-availability-month-day\">\n\t\t\t\t\t\t<span class=\"vbo-availability-daynumber\">4<\/span>\n\t\t\t\t\t\t<span class=\"vbo-availability-weekday\">Mo<\/span>\n\t\t\t\t\t<\/td>\n\t\t\t\t\t\t\t\t\t\t<td class=\"vbo-availability-month-day\">\n\t\t\t\t\t\t<span class=\"vbo-availability-daynumber\">5<\/span>\n\t\t\t\t\t\t<span class=\"vbo-availability-weekday\">Di<\/span>\n\t\t\t\t\t<\/td>\n\t\t\t\t\t\t\t\t\t\t<td class=\"vbo-availability-month-day\">\n\t\t\t\t\t\t<span class=\"vbo-availability-daynumber\">6<\/span>\n\t\t\t\t\t\t<span class=\"vbo-availability-weekday\">Mi<\/span>\n\t\t\t\t\t<\/td>\n\t\t\t\t\t\t\t\t\t\t<td class=\"vbo-availability-month-day\">\n\t\t\t\t\t\t<span class=\"vbo-availability-daynumber\">7<\/span>\n\t\t\t\t\t\t<span class=\"vbo-availability-weekday\">Do<\/span>\n\t\t\t\t\t<\/td>\n\t\t\t\t\t\t\t\t\t\t<td class=\"vbo-availability-month-day\">\n\t\t\t\t\t\t<span class=\"vbo-availability-daynumber\">8<\/span>\n\t\t\t\t\t\t<span class=\"vbo-availability-weekday\">Fr<\/span>\n\t\t\t\t\t<\/td>\n\t\t\t\t\t\t\t\t\t\t<td class=\"vbo-availability-month-day\">\n\t\t\t\t\t\t<span class=\"vbo-availability-daynumber\">9<\/span>\n\t\t\t\t\t\t<span class=\"vbo-availability-weekday\">Sa<\/span>\n\t\t\t\t\t<\/td>\n\t\t\t\t\t\t\t\t\t\t<td class=\"vbo-availability-month-day\">\n\t\t\t\t\t\t<span class=\"vbo-availability-daynumber\">10<\/span>\n\t\t\t\t\t\t<span class=\"vbo-availability-weekday\">So<\/span>\n\t\t\t\t\t<\/td>\n\t\t\t\t\t\t\t\t\t\t<td class=\"vbo-availability-month-day\">\n\t\t\t\t\t\t<span class=\"vbo-availability-daynumber\">11<\/span>\n\t\t\t\t\t\t<span class=\"vbo-availability-weekday\">Mo<\/span>\n\t\t\t\t\t<\/td>\n\t\t\t\t\t\t\t\t\t\t<td class=\"vbo-availability-month-day\">\n\t\t\t\t\t\t<span class=\"vbo-availability-daynumber\">12<\/span>\n\t\t\t\t\t\t<span class=\"vbo-availability-weekday\">Di<\/span>\n\t\t\t\t\t<\/td>\n\t\t\t\t\t\t\t\t\t\t<td class=\"vbo-availability-month-day\">\n\t\t\t\t\t\t<span class=\"vbo-availability-daynumber\">13<\/span>\n\t\t\t\t\t\t<span class=\"vbo-availability-weekday\">Mi<\/span>\n\t\t\t\t\t<\/td>\n\t\t\t\t\t\t\t\t\t\t<td class=\"vbo-availability-month-day\">\n\t\t\t\t\t\t<span class=\"vbo-availability-daynumber\">14<\/span>\n\t\t\t\t\t\t<span class=\"vbo-availability-weekday\">Do<\/span>\n\t\t\t\t\t<\/td>\n\t\t\t\t\t\t\t\t\t\t<td class=\"vbo-availability-month-day\">\n\t\t\t\t\t\t<span class=\"vbo-availability-daynumber\">15<\/span>\n\t\t\t\t\t\t<span class=\"vbo-availability-weekday\">Fr<\/span>\n\t\t\t\t\t<\/td>\n\t\t\t\t\t\t\t\t\t\t<td class=\"vbo-availability-month-day\">\n\t\t\t\t\t\t<span class=\"vbo-availability-daynumber\">16<\/span>\n\t\t\t\t\t\t<span class=\"vbo-availability-weekday\">Sa<\/span>\n\t\t\t\t\t<\/td>\n\t\t\t\t\t\t\t\t\t\t<td class=\"vbo-availability-month-day\">\n\t\t\t\t\t\t<span class=\"vbo-availability-daynumber\">17<\/span>\n\t\t\t\t\t\t<span class=\"vbo-availability-weekday\">So<\/span>\n\t\t\t\t\t<\/td>\n\t\t\t\t\t\t\t\t\t\t<td class=\"vbo-availability-month-day\">\n\t\t\t\t\t\t<span class=\"vbo-availability-daynumber\">18<\/span>\n\t\t\t\t\t\t<span class=\"vbo-availability-weekday\">Mo<\/span>\n\t\t\t\t\t<\/td>\n\t\t\t\t\t\t\t\t\t\t<td class=\"vbo-availability-month-day\">\n\t\t\t\t\t\t<span class=\"vbo-availability-daynumber\">19<\/span>\n\t\t\t\t\t\t<span class=\"vbo-availability-weekday\">Di<\/span>\n\t\t\t\t\t<\/td>\n\t\t\t\t\t\t\t\t\t\t<td class=\"vbo-availability-month-day\">\n\t\t\t\t\t\t<span class=\"vbo-availability-daynumber\">20<\/span>\n\t\t\t\t\t\t<span class=\"vbo-availability-weekday\">Mi<\/span>\n\t\t\t\t\t<\/td>\n\t\t\t\t\t\t\t\t\t\t<td class=\"vbo-availability-month-day\">\n\t\t\t\t\t\t<span class=\"vbo-availability-daynumber\">21<\/span>\n\t\t\t\t\t\t<span class=\"vbo-availability-weekday\">Do<\/span>\n\t\t\t\t\t<\/td>\n\t\t\t\t\t\t\t\t\t\t<td class=\"vbo-availability-month-day\">\n\t\t\t\t\t\t<span class=\"vbo-availability-daynumber\">22<\/span>\n\t\t\t\t\t\t<span class=\"vbo-availability-weekday\">Fr<\/span>\n\t\t\t\t\t<\/td>\n\t\t\t\t\t\t\t\t\t\t<td class=\"vbo-availability-month-day\">\n\t\t\t\t\t\t<span class=\"vbo-availability-daynumber\">23<\/span>\n\t\t\t\t\t\t<span class=\"vbo-availability-weekday\">Sa<\/span>\n\t\t\t\t\t<\/td>\n\t\t\t\t\t\t\t\t\t\t<td class=\"vbo-availability-month-day\">\n\t\t\t\t\t\t<span class=\"vbo-availability-daynumber\">24<\/span>\n\t\t\t\t\t\t<span class=\"vbo-availability-weekday\">So<\/span>\n\t\t\t\t\t<\/td>\n\t\t\t\t\t\t\t\t\t\t<td class=\"vbo-availability-month-day\">\n\t\t\t\t\t\t<span class=\"vbo-availability-daynumber\">25<\/span>\n\t\t\t\t\t\t<span class=\"vbo-availability-weekday\">Mo<\/span>\n\t\t\t\t\t<\/td>\n\t\t\t\t\t\t\t\t\t\t<td class=\"vbo-availability-month-day\">\n\t\t\t\t\t\t<span class=\"vbo-availability-daynumber\">26<\/span>\n\t\t\t\t\t\t<span class=\"vbo-availability-weekday\">Di<\/span>\n\t\t\t\t\t<\/td>\n\t\t\t\t\t\t\t\t\t\t<td class=\"vbo-availability-month-day\">\n\t\t\t\t\t\t<span class=\"vbo-availability-daynumber\">27<\/span>\n\t\t\t\t\t\t<span class=\"vbo-availability-weekday\">Mi<\/span>\n\t\t\t\t\t<\/td>\n\t\t\t\t\t\t\t\t\t\t<td class=\"vbo-availability-month-day\">\n\t\t\t\t\t\t<span class=\"vbo-availability-daynumber\">28<\/span>\n\t\t\t\t\t\t<span class=\"vbo-availability-weekday\">Do<\/span>\n\t\t\t\t\t<\/td>\n\t\t\t\t\t\t\t\t\t\t<td class=\"vbo-availability-month-day\">\n\t\t\t\t\t\t<span class=\"vbo-availability-daynumber\">29<\/span>\n\t\t\t\t\t\t<span class=\"vbo-availability-weekday\">Fr<\/span>\n\t\t\t\t\t<\/td>\n\t\t\t\t\t\t\t\t\t\t<td class=\"vbo-availability-month-day\">\n\t\t\t\t\t\t<span class=\"vbo-availability-daynumber\">30<\/span>\n\t\t\t\t\t\t<span class=\"vbo-availability-weekday\">Sa<\/span>\n\t\t\t\t\t<\/td>\n\t\t\t\t\t\t\t\t\t\t<td class=\"vbo-availability-month-day\">\n\t\t\t\t\t\t<span class=\"vbo-availability-daynumber\">31<\/span>\n\t\t\t\t\t\t<span class=\"vbo-availability-weekday\">So<\/span>\n\t\t\t\t\t<\/td>\n\t\t\t\t\t\t\t\t\t<\/tr>\n\t\t\t\t<tr class=\"vbo-availability-room-avdays\">\n\t\t\t\t\t\t\t\t\t<td class=\"vbo-free-cell\" data-cell-date=\"01.05.2026\" data-cell-ts=\"1777593600\"><\/td>\n\t\t\t\t\t\t\t\t\t\t<td class=\"vbo-free-cell\" data-cell-date=\"02.05.2026\" data-cell-ts=\"1777680000\"><\/td>\n\t\t\t\t\t\t\t\t\t\t<td class=\"vbo-free-cell\" data-cell-date=\"03.05.2026\" data-cell-ts=\"1777766400\"><\/td>\n\t\t\t\t\t\t\t\t\t\t<td class=\"vbo-free-cell\" data-cell-date=\"04.05.2026\" data-cell-ts=\"1777852800\"><\/td>\n\t\t\t\t\t\t\t\t\t\t<td class=\"vbo-free-cell\" data-cell-date=\"05.05.2026\" data-cell-ts=\"1777939200\"><\/td>\n\t\t\t\t\t\t\t\t\t\t<td class=\"vbo-free-cell\" data-cell-date=\"06.05.2026\" data-cell-ts=\"1778025600\"><\/td>\n\t\t\t\t\t\t\t\t\t\t<td class=\"vbo-free-cell\" data-cell-date=\"07.05.2026\" data-cell-ts=\"1778112000\"><\/td>\n\t\t\t\t\t\t\t\t\t\t<td class=\"vbo-free-cell\" data-cell-date=\"08.05.2026\" data-cell-ts=\"1778198400\"><\/td>\n\t\t\t\t\t\t\t\t\t\t<td class=\"vbo-free-cell\" data-cell-date=\"09.05.2026\" data-cell-ts=\"1778284800\"><\/td>\n\t\t\t\t\t\t\t\t\t\t<td class=\"vbo-free-cell\" data-cell-date=\"10.05.2026\" data-cell-ts=\"1778371200\"><\/td>\n\t\t\t\t\t\t\t\t\t\t<td class=\"vbo-free-cell\" data-cell-date=\"11.05.2026\" data-cell-ts=\"1778457600\"><\/td>\n\t\t\t\t\t\t\t\t\t\t<td class=\"vbo-free-cell\" data-cell-date=\"12.05.2026\" data-cell-ts=\"1778544000\"><\/td>\n\t\t\t\t\t\t\t\t\t\t<td class=\"vbo-free-cell\" data-cell-date=\"13.05.2026\" data-cell-ts=\"1778630400\"><\/td>\n\t\t\t\t\t\t\t\t\t\t<td class=\"vbo-free-cell\" data-cell-date=\"14.05.2026\" data-cell-ts=\"1778716800\"><\/td>\n\t\t\t\t\t\t\t\t\t\t<td class=\"vbo-free-cell\" data-cell-date=\"15.05.2026\" data-cell-ts=\"1778803200\"><\/td>\n\t\t\t\t\t\t\t\t\t\t<td class=\"vbo-free-cell\" data-cell-date=\"16.05.2026\" data-cell-ts=\"1778889600\"><\/td>\n\t\t\t\t\t\t\t\t\t\t<td class=\"vbo-free-cell\" data-cell-date=\"17.05.2026\" data-cell-ts=\"1778976000\"><\/td>\n\t\t\t\t\t\t\t\t\t\t<td class=\"vbo-free-cell\" data-cell-date=\"18.05.2026\" data-cell-ts=\"1779062400\"><\/td>\n\t\t\t\t\t\t\t\t\t\t<td class=\"vbo-free-cell\" data-cell-date=\"19.05.2026\" data-cell-ts=\"1779148800\"><\/td>\n\t\t\t\t\t\t\t\t\t\t<td class=\"vbo-free-cell\" data-cell-date=\"20.05.2026\" data-cell-ts=\"1779235200\"><\/td>\n\t\t\t\t\t\t\t\t\t\t<td class=\"vbo-free-cell\" data-cell-date=\"21.05.2026\" data-cell-ts=\"1779321600\"><\/td>\n\t\t\t\t\t\t\t\t\t\t<td class=\"vbo-free-cell\" data-cell-date=\"22.05.2026\" data-cell-ts=\"1779408000\"><\/td>\n\t\t\t\t\t\t\t\t\t\t<td class=\"vbo-free-cell\" data-cell-date=\"23.05.2026\" data-cell-ts=\"1779494400\"><\/td>\n\t\t\t\t\t\t\t\t\t\t<td class=\"vbo-free-cell\" data-cell-date=\"24.05.2026\" data-cell-ts=\"1779580800\"><\/td>\n\t\t\t\t\t\t\t\t\t\t<td class=\"vbo-free-cell\" data-cell-date=\"25.05.2026\" data-cell-ts=\"1779667200\"><\/td>\n\t\t\t\t\t\t\t\t\t\t<td class=\"vbo-free-cell\" data-cell-date=\"26.05.2026\" data-cell-ts=\"1779753600\"><\/td>\n\t\t\t\t\t\t\t\t\t\t<td class=\"vbo-free-cell\" data-cell-date=\"27.05.2026\" data-cell-ts=\"1779840000\"><\/td>\n\t\t\t\t\t\t\t\t\t\t<td class=\"vbo-free-cell\" data-cell-date=\"28.05.2026\" data-cell-ts=\"1779926400\"><\/td>\n\t\t\t\t\t\t\t\t\t\t<td class=\"vbo-free-cell\" data-cell-date=\"29.05.2026\" data-cell-ts=\"1780012800\"><\/td>\n\t\t\t\t\t\t\t\t\t\t<td class=\"vbo-free-cell\" data-cell-date=\"30.05.2026\" data-cell-ts=\"1780099200\"><\/td>\n\t\t\t\t\t\t\t\t\t\t<td class=\"vbo-free-cell\" data-cell-date=\"31.05.2026\" data-cell-ts=\"1780185600\"><\/td>\n\t\t\t\t\t\t\t\t\t<\/tr>\n\t\t\t<\/table>\n\t\t<\/div>\n\t<\/div>\n\t<\/div>\n\n<script type=\"text\/javascript\">\njQuery(function() {\n\tjQuery(\".vbo-free-cell, .vbo-partially-cell\").click(function() {\n\t\tvar idroom = jQuery(this).closest(\"table\").attr(\"data-room-table\");\n\t\tvar celldate = jQuery(this).attr(\"data-cell-date\");\n\t\tvar cellts = jQuery(this).attr(\"data-cell-ts\");\n\t\tif (idroom.length && celldate.length && cellts.length) {\n\t\t\tjQuery(\"#vbo-av-checkin-\"+idroom).hide().find(\"span\").text(\"\");\n\t\t\tif (jQuery(\"#vbo-av-btn-\"+idroom).length) {\n\t\t\t\tvar btnlink = jQuery(\"#vbo-av-btn-\"+idroom).attr(\"href\");\n\t\t\t\tif (jQuery(this).hasClass(\"vbo-cell-selected-arrival\")) {\n\t\t\t\t\tjQuery(\"#vbo-av-table-\"+idroom).find(\"tr\").find(\"td\").removeClass(\"vbo-cell-selected-arrival\");\n\t\t\t\t\tjQuery(\"#vbo-av-checkin-\"+idroom).fadeOut().find(\"span\").text(celldate);\n\t\t\t\t\tbtnlink = btnlink.replace(\/(checkin=)[^\\&]+\/, '$1' + \"-1\");\n\t\t\t\t} else {\n\t\t\t\t\tjQuery(\"#vbo-av-table-\"+idroom).find(\"tr\").find(\"td\").removeClass(\"vbo-cell-selected-arrival\");\n\t\t\t\t\tjQuery(this).addClass(\"vbo-cell-selected-arrival\");\n\t\t\t\t\tjQuery(\"#vbo-av-checkin-\"+idroom).fadeIn().find(\"span\").text(celldate);\n\t\t\t\t\tbtnlink = btnlink.replace(\/(checkin=)[^\\&]+\/, '$1' + cellts);\n\t\t\t\t}\n\t\t\t\tjQuery(\"#vbo-av-btn-\"+idroom).attr(\"href\", btnlink);\n\t\t\t}\n\t\t}\n\t});\n});\n<\/script>\n\n<\/div>\n\n","protected":false},"excerpt":{"rendered":"","protected":false},"author":1,"featured_media":0,"parent":0,"menu_order":0,"comment_status":"closed","ping_status":"closed","template":"","meta":{"footnotes":""},"class_list":["post-873","page","type-page","status-publish","hentry"],"yoast_head":"<!-- This site is optimized with the Yoast SEO plugin v27.5 - https:\/\/yoast.com\/product\/yoast-seo-wordpress\/ -->\n<title>Verf\u00fcgbarkeit unserer Hausboote - Hollyboot Charter<\/title>\n<meta name=\"robots\" content=\"index, follow, max-snippet:-1, max-image-preview:large, max-video-preview:-1\" \/>\n<link rel=\"canonical\" href=\"https:\/\/www.hollyboot.de\/index.php\/verfuegbarkeit-unserer-hausboote\/\" \/>\n<meta property=\"og:locale\" content=\"de_DE\" \/>\n<meta property=\"og:type\" content=\"article\" \/>\n<meta property=\"og:title\" content=\"Verf\u00fcgbarkeit unserer Hausboote - Hollyboot Charter\" \/>\n<meta property=\"og:url\" content=\"https:\/\/www.hollyboot.de\/index.php\/verfuegbarkeit-unserer-hausboote\/\" \/>\n<meta property=\"og:site_name\" content=\"Hollyboot Charter\" \/>\n<meta property=\"article:publisher\" content=\"https:\/\/www.facebook.com\/p\/Hollyboot-Charter-100054521408102\" \/>\n<meta property=\"article:modified_time\" content=\"2025-12-03T20:45:07+00:00\" \/>\n<meta name=\"twitter:card\" content=\"summary_large_image\" \/>\n<script type=\"application\/ld+json\" class=\"yoast-schema-graph\">{\"@context\":\"https:\\\/\\\/schema.org\",\"@graph\":[{\"@type\":\"WebPage\",\"@id\":\"https:\\\/\\\/www.hollyboot.de\\\/index.php\\\/verfuegbarkeit-unserer-hausboote\\\/\",\"url\":\"https:\\\/\\\/www.hollyboot.de\\\/index.php\\\/verfuegbarkeit-unserer-hausboote\\\/\",\"name\":\"Verf\u00fcgbarkeit unserer Hausboote - Hollyboot Charter\",\"isPartOf\":{\"@id\":\"https:\\\/\\\/www.hollyboot.de\\\/#website\"},\"datePublished\":\"2025-12-03T20:27:25+00:00\",\"dateModified\":\"2025-12-03T20:45:07+00:00\",\"breadcrumb\":{\"@id\":\"https:\\\/\\\/www.hollyboot.de\\\/index.php\\\/verfuegbarkeit-unserer-hausboote\\\/#breadcrumb\"},\"inLanguage\":\"de\",\"potentialAction\":[{\"@type\":\"ReadAction\",\"target\":[\"https:\\\/\\\/www.hollyboot.de\\\/index.php\\\/verfuegbarkeit-unserer-hausboote\\\/\"]}]},{\"@type\":\"BreadcrumbList\",\"@id\":\"https:\\\/\\\/www.hollyboot.de\\\/index.php\\\/verfuegbarkeit-unserer-hausboote\\\/#breadcrumb\",\"itemListElement\":[{\"@type\":\"ListItem\",\"position\":1,\"name\":\"Startseite\",\"item\":\"https:\\\/\\\/www.hollyboot.de\\\/\"},{\"@type\":\"ListItem\",\"position\":2,\"name\":\"Verf\u00fcgbarkeit unserer Hausboote\"}]},{\"@type\":\"WebSite\",\"@id\":\"https:\\\/\\\/www.hollyboot.de\\\/#website\",\"url\":\"https:\\\/\\\/www.hollyboot.de\\\/\",\"name\":\"Hollyboot Charter\",\"description\":\"\",\"publisher\":{\"@id\":\"https:\\\/\\\/www.hollyboot.de\\\/#organization\"},\"potentialAction\":[{\"@type\":\"SearchAction\",\"target\":{\"@type\":\"EntryPoint\",\"urlTemplate\":\"https:\\\/\\\/www.hollyboot.de\\\/?s={search_term_string}\"},\"query-input\":{\"@type\":\"PropertyValueSpecification\",\"valueRequired\":true,\"valueName\":\"search_term_string\"}}],\"inLanguage\":\"de\"},{\"@type\":\"Organization\",\"@id\":\"https:\\\/\\\/www.hollyboot.de\\\/#organization\",\"name\":\"Hollyboot Charter\",\"url\":\"https:\\\/\\\/www.hollyboot.de\\\/\",\"logo\":{\"@type\":\"ImageObject\",\"inLanguage\":\"de\",\"@id\":\"https:\\\/\\\/www.hollyboot.de\\\/#\\\/schema\\\/logo\\\/image\\\/\",\"url\":\"https:\\\/\\\/www.hollyboot.de\\\/wp-content\\\/uploads\\\/2024\\\/09\\\/Logo_klein.png\",\"contentUrl\":\"https:\\\/\\\/www.hollyboot.de\\\/wp-content\\\/uploads\\\/2024\\\/09\\\/Logo_klein.png\",\"width\":250,\"height\":98,\"caption\":\"Hollyboot Charter\"},\"image\":{\"@id\":\"https:\\\/\\\/www.hollyboot.de\\\/#\\\/schema\\\/logo\\\/image\\\/\"},\"sameAs\":[\"https:\\\/\\\/www.facebook.com\\\/p\\\/Hollyboot-Charter-100054521408102\",\"https:\\\/\\\/www.instagram.com\\\/hollyboot.charter\"]}]}<\/script>\n<!-- \/ Yoast SEO plugin. -->","yoast_head_json":{"title":"Verf\u00fcgbarkeit unserer Hausboote - Hollyboot Charter","robots":{"index":"index","follow":"follow","max-snippet":"max-snippet:-1","max-image-preview":"max-image-preview:large","max-video-preview":"max-video-preview:-1"},"canonical":"https:\/\/www.hollyboot.de\/index.php\/verfuegbarkeit-unserer-hausboote\/","og_locale":"de_DE","og_type":"article","og_title":"Verf\u00fcgbarkeit unserer Hausboote - Hollyboot Charter","og_url":"https:\/\/www.hollyboot.de\/index.php\/verfuegbarkeit-unserer-hausboote\/","og_site_name":"Hollyboot Charter","article_publisher":"https:\/\/www.facebook.com\/p\/Hollyboot-Charter-100054521408102","article_modified_time":"2025-12-03T20:45:07+00:00","twitter_card":"summary_large_image","schema":{"@context":"https:\/\/schema.org","@graph":[{"@type":"WebPage","@id":"https:\/\/www.hollyboot.de\/index.php\/verfuegbarkeit-unserer-hausboote\/","url":"https:\/\/www.hollyboot.de\/index.php\/verfuegbarkeit-unserer-hausboote\/","name":"Verf\u00fcgbarkeit unserer Hausboote - Hollyboot Charter","isPartOf":{"@id":"https:\/\/www.hollyboot.de\/#website"},"datePublished":"2025-12-03T20:27:25+00:00","dateModified":"2025-12-03T20:45:07+00:00","breadcrumb":{"@id":"https:\/\/www.hollyboot.de\/index.php\/verfuegbarkeit-unserer-hausboote\/#breadcrumb"},"inLanguage":"de","potentialAction":[{"@type":"ReadAction","target":["https:\/\/www.hollyboot.de\/index.php\/verfuegbarkeit-unserer-hausboote\/"]}]},{"@type":"BreadcrumbList","@id":"https:\/\/www.hollyboot.de\/index.php\/verfuegbarkeit-unserer-hausboote\/#breadcrumb","itemListElement":[{"@type":"ListItem","position":1,"name":"Startseite","item":"https:\/\/www.hollyboot.de\/"},{"@type":"ListItem","position":2,"name":"Verf\u00fcgbarkeit unserer Hausboote"}]},{"@type":"WebSite","@id":"https:\/\/www.hollyboot.de\/#website","url":"https:\/\/www.hollyboot.de\/","name":"Hollyboot Charter","description":"","publisher":{"@id":"https:\/\/www.hollyboot.de\/#organization"},"potentialAction":[{"@type":"SearchAction","target":{"@type":"EntryPoint","urlTemplate":"https:\/\/www.hollyboot.de\/?s={search_term_string}"},"query-input":{"@type":"PropertyValueSpecification","valueRequired":true,"valueName":"search_term_string"}}],"inLanguage":"de"},{"@type":"Organization","@id":"https:\/\/www.hollyboot.de\/#organization","name":"Hollyboot Charter","url":"https:\/\/www.hollyboot.de\/","logo":{"@type":"ImageObject","inLanguage":"de","@id":"https:\/\/www.hollyboot.de\/#\/schema\/logo\/image\/","url":"https:\/\/www.hollyboot.de\/wp-content\/uploads\/2024\/09\/Logo_klein.png","contentUrl":"https:\/\/www.hollyboot.de\/wp-content\/uploads\/2024\/09\/Logo_klein.png","width":250,"height":98,"caption":"Hollyboot Charter"},"image":{"@id":"https:\/\/www.hollyboot.de\/#\/schema\/logo\/image\/"},"sameAs":["https:\/\/www.facebook.com\/p\/Hollyboot-Charter-100054521408102","https:\/\/www.instagram.com\/hollyboot.charter"]}]}},"_links":{"self":[{"href":"https:\/\/www.hollyboot.de\/index.php\/wp-json\/wp\/v2\/pages\/873","targetHints":{"allow":["GET"]}}],"collection":[{"href":"https:\/\/www.hollyboot.de\/index.php\/wp-json\/wp\/v2\/pages"}],"about":[{"href":"https:\/\/www.hollyboot.de\/index.php\/wp-json\/wp\/v2\/types\/page"}],"author":[{"embeddable":true,"href":"https:\/\/www.hollyboot.de\/index.php\/wp-json\/wp\/v2\/users\/1"}],"replies":[{"embeddable":true,"href":"https:\/\/www.hollyboot.de\/index.php\/wp-json\/wp\/v2\/comments?post=873"}],"version-history":[{"count":2,"href":"https:\/\/www.hollyboot.de\/index.php\/wp-json\/wp\/v2\/pages\/873\/revisions"}],"predecessor-version":[{"id":877,"href":"https:\/\/www.hollyboot.de\/index.php\/wp-json\/wp\/v2\/pages\/873\/revisions\/877"}],"wp:attachment":[{"href":"https:\/\/www.hollyboot.de\/index.php\/wp-json\/wp\/v2\/media?parent=873"}],"curies":[{"name":"wp","href":"https:\/\/api.w.org\/{rel}","templated":true}]}}