{"id":561,"date":"2024-12-25T13:14:27","date_gmt":"2024-12-25T13:14:27","guid":{"rendered":"https:\/\/web.hollyboot.de\/?page_id=561"},"modified":"2025-12-03T21:51:04","modified_gmt":"2025-12-03T20:51:04","slug":"unsere-flotte","status":"publish","type":"page","link":"https:\/\/www.hollyboot.de\/index.php\/unsere-flotte\/","title":{"rendered":"Unsere Flotte"},"content":{"rendered":"\n<p>Hier m\u00f6chten wir Ihnen nun das Wichtigste vorstellen, unsere Flotte. Bestehend aus drei identischen Hausbooten des Typs \"Rollyboot\", dieser Bootstyp ist sehr beliebt da er gr\u00f6\u00dfenm\u00e4\u00dfig gut \u00fcberschaubar ist und sich somit in den Schleusen und bei Anlegeman\u00f6vern sehr gut handhaben l\u00e4\u00dft. Die Boote sind komplett ausgestattet, mit Geschirr, Besteck einen K\u00fchlschrank und einer Heizung falls es mal k\u00fchler sein sollte. <\/p>\n\n\n\n<p>Sollten Sie keine Lust versp\u00fcren Ihre eigene Bettw\u00e4sche und Handt\u00fccher mitzubringen, haben Sie die M\u00f6glichkeit dies bei uns mit zu mieten, zu einem fairen Preis je Gast.<br><br><strong>Unsere Hausboote sind auch ohne einen Sportbootf\u00fchrerschein fahrbar und nach einer Einweisung und Probefahrt steht Ihrem T\u00f6rn nichts mehr im Wege.<\/strong><br><\/p>\n\n\n\n<div style=\"height:51px\" aria-hidden=\"true\" class=\"wp-block-spacer\"><\/div>\n\n\n<div class=\"widget widget_mod_vikbooking_rooms\" id=\"mod_vikbooking_rooms_1\"><div class=\"vbmodroomscontainer wrap\">\n\t\t\t<div class=\"vbmodroom-desc\">\n\n<\/div>\n\t\t<div>\n\t\t<div id=\"vbo-modrooms-400\" class=\"owl-carousel owl-theme vbmodroom-layout-scroll vbmodrooms\">\n\t\t\t\t\t<div class=\"vbmodrooms-item vbomodroom-num-3\">\n\t\t\t\t<div class=\"vbmodroomsboxdiv\">\n\t\t\t\t\t\t\t\t\t\t\t<a class=\"vbmodrooms-img-link\" href=\"https:\/\/www.hollyboot.de\/index.php\/suche-alle-boote\/?view=roomdetails&amp;roomid=4\">\n\t\t\t\t\t\t\t<img decoding=\"async\" title=\"Hollyboot #1\" alt=\"Hollyboot #1\" src=\"https:\/\/www.hollyboot.de\/wp-content\/plugins\/vikbooking\/site\/resources\/uploads\/hollyboot3b.png\" class=\"vbmodroomsimg\"\/>\n\t\t\t\t\t\t<\/a>\n\t\t\t\t\t\t\t\t\t\t\t<div class=\"vbinf\">\n\t\t\t\t\t\t<div class=\"vbmodrooms-divblock\">\n\t\t\t\t\t        <span class=\"vbmodroomsname\">Hollyboot #1<\/span>\n\t\t\t\t\t        \t\t\t\t\t\t<\/div>\n\t\t\t\t\t\t\t\t\t\t\t\t\t<span class=\"vbmodroomscat\">Hausboot<\/span>\n\t\t\t\t\t\t\t\t\t\t\t\t\t\t<div class=\"vbmodrooms-carats\">\n\t\t\t\t\t\t\t\t<div class=\"vbo-room-carats\">\n<span class=\"vbo-room-carat\"><span class=\"vbo-expl\" data-vbo-expl=\"Feuerl\u00f6scher\"><i class=\"fas fa-fire-extinguisher\"><\/i><\/span><\/span>\n<span class=\"vbo-room-carat\"><span class=\"vbo-expl\" data-vbo-expl=\"F\u00fchrerscheinfrei\"><i class=\"fas fa-passport\"><\/i><\/span><\/span>\n<span class=\"vbo-room-carat\"><span class=\"vbo-expl\" data-vbo-expl=\"Anker\"><i class=\"fas fa-anchor\"><\/i><\/span><\/span>\n<span class=\"vbo-room-carat\"><span class=\"vbo-expl\" data-vbo-expl=\"Aussendusche\"><i class=\"fas fa-shower\"><\/i><\/span><\/span>\n<span class=\"vbo-room-carat\"><span class=\"vbo-expl\" data-vbo-expl=\"Aussensitzgruppe\"><i class=\"fas fa-couch\"><\/i><\/span><\/span>\n<span class=\"vbo-room-carat\"><span class=\"vbo-expl\" data-vbo-expl=\"Badeleiter\"><i class=\"fas fa-swimming-pool\"><\/i><\/span><\/span>\n<span class=\"vbo-room-carat\"><span class=\"vbo-expl\" data-vbo-expl=\"Fender\"><i class=\"fas fa-egg\"><\/i><\/span><\/span>\n<span class=\"vbo-room-carat\"><span class=\"vbo-expl\" data-vbo-expl=\"Geschirr\"><i class=\"fas fa-utensils vbo-icn-carat\"><\/i><\/span><\/span>\n<span class=\"vbo-room-carat\"><span class=\"vbo-expl\" data-vbo-expl=\"Heizung\"><i class=\"fas fa-thermometer-full\"><\/i><\/span><\/span>\n<span class=\"vbo-room-carat\"><span class=\"vbo-expl\" data-vbo-expl=\"Kartenmaterial\"><i class=\"fas fa-map\"><\/i><\/span><\/span>\n<span class=\"vbo-room-carat\"><span class=\"vbo-expl\" data-vbo-expl=\"Rettungsring\"><i class=\"fas fa-life-ring\"><\/i><\/span><\/span>\n<span class=\"vbo-room-carat\"><span class=\"vbo-expl\" data-vbo-expl=\"Rettungswesten\"><i class=\"fas fa-tshirt\"><\/i><\/span><\/span>\n<span class=\"vbo-room-carat\"><span class=\"vbo-expl\" data-vbo-expl=\"Solarpanele\"><i class=\"fas fa-solar-panel\"><\/i><\/span><\/span>\n<span class=\"vbo-room-carat\"><span class=\"vbo-expl\" data-vbo-expl=\"Terrasse\"><i class=\"fas fa-umbrella-beach vbo-icn-carat\"><\/i><\/span><\/span>\n<span class=\"vbo-room-carat\"><span class=\"vbo-expl\" data-vbo-expl=\"WC\"><i class=\"fas fa-toilet\"><\/i><\/span><\/span>\n<\/div>\n\t\t\t\t\t\t\t<\/div>\n\t\t\t\t\t\t\t\t\t\t\t\t\t\t<div class=\"vbmodroomsroomcost\">\n\t\t\t\t\t\t\t\t<span class=\"vbo_currency\">pro Nacht ab \u20ac<\/span> <span class=\"vbo_price\">235<\/span>\t\t\t\t\t\t\t\t\t\t\t\t\t\t<\/div>\n\t\t\t\t\t\t\t\t\t\t\t\t<\/div>\n\t\t\t\t\t\t\t\t\t\t<div class=\"vbmodroomsview\">\n\t\t\t\t\t\t<a class=\"btn vbo-pref-color-btn\" href=\"https:\/\/www.hollyboot.de\/index.php\/suche-alle-boote\/?view=roomdetails&amp;roomid=4\">Einzelheiten<\/a>\n\t\t\t\t\t<\/div>\n\t\t\t\t\t\t\t\t\t\t<\/div>\t\n\t\t\t<\/div>\n\t\t\t\t\t<div class=\"vbmodrooms-item vbomodroom-num-3\">\n\t\t\t\t<div class=\"vbmodroomsboxdiv\">\n\t\t\t\t\t\t\t\t\t\t\t<a class=\"vbmodrooms-img-link\" href=\"https:\/\/www.hollyboot.de\/index.php\/suche-alle-boote\/?view=roomdetails&amp;roomid=3\">\n\t\t\t\t\t\t\t<img decoding=\"async\" title=\"Hollyboot #2\" alt=\"Hollyboot #2\" src=\"https:\/\/www.hollyboot.de\/wp-content\/plugins\/vikbooking\/site\/resources\/uploads\/1hollyboot3b.png\" class=\"vbmodroomsimg\"\/>\n\t\t\t\t\t\t<\/a>\n\t\t\t\t\t\t\t\t\t\t\t<div class=\"vbinf\">\n\t\t\t\t\t\t<div class=\"vbmodrooms-divblock\">\n\t\t\t\t\t        <span class=\"vbmodroomsname\">Hollyboot #2<\/span>\n\t\t\t\t\t        \t\t\t\t\t\t<\/div>\n\t\t\t\t\t\t\t\t\t\t\t\t\t<span class=\"vbmodroomscat\">Hausboot<\/span>\n\t\t\t\t\t\t\t\t\t\t\t\t\t\t<div class=\"vbmodrooms-carats\">\n\t\t\t\t\t\t\t\t<div class=\"vbo-room-carats\">\n<span class=\"vbo-room-carat\"><span class=\"vbo-expl\" data-vbo-expl=\"Feuerl\u00f6scher\"><i class=\"fas fa-fire-extinguisher\"><\/i><\/span><\/span>\n<span class=\"vbo-room-carat\"><span class=\"vbo-expl\" data-vbo-expl=\"F\u00fchrerscheinfrei\"><i class=\"fas fa-passport\"><\/i><\/span><\/span>\n<span class=\"vbo-room-carat\"><span class=\"vbo-expl\" data-vbo-expl=\"Anker\"><i class=\"fas fa-anchor\"><\/i><\/span><\/span>\n<span class=\"vbo-room-carat\"><span class=\"vbo-expl\" data-vbo-expl=\"Aussendusche\"><i class=\"fas fa-shower\"><\/i><\/span><\/span>\n<span class=\"vbo-room-carat\"><span class=\"vbo-expl\" data-vbo-expl=\"Aussensitzgruppe\"><i class=\"fas fa-couch\"><\/i><\/span><\/span>\n<span class=\"vbo-room-carat\"><span class=\"vbo-expl\" data-vbo-expl=\"Badeleiter\"><i class=\"fas fa-swimming-pool\"><\/i><\/span><\/span>\n<span class=\"vbo-room-carat\"><span class=\"vbo-expl\" data-vbo-expl=\"Fender\"><i class=\"fas fa-egg\"><\/i><\/span><\/span>\n<span class=\"vbo-room-carat\"><span class=\"vbo-expl\" data-vbo-expl=\"Geschirr\"><i class=\"fas fa-utensils vbo-icn-carat\"><\/i><\/span><\/span>\n<span class=\"vbo-room-carat\"><span class=\"vbo-expl\" data-vbo-expl=\"Heizung\"><i class=\"fas fa-thermometer-full\"><\/i><\/span><\/span>\n<span class=\"vbo-room-carat\"><span class=\"vbo-expl\" data-vbo-expl=\"Kartenmaterial\"><i class=\"fas fa-map\"><\/i><\/span><\/span>\n<span class=\"vbo-room-carat\"><span class=\"vbo-expl\" data-vbo-expl=\"Rettungsring\"><i class=\"fas fa-life-ring\"><\/i><\/span><\/span>\n<span class=\"vbo-room-carat\"><span class=\"vbo-expl\" data-vbo-expl=\"Rettungswesten\"><i class=\"fas fa-tshirt\"><\/i><\/span><\/span>\n<span class=\"vbo-room-carat\"><span class=\"vbo-expl\" data-vbo-expl=\"Solarpanele\"><i class=\"fas fa-solar-panel\"><\/i><\/span><\/span>\n<span class=\"vbo-room-carat\"><span class=\"vbo-expl\" data-vbo-expl=\"Terrasse\"><i class=\"fas fa-umbrella-beach vbo-icn-carat\"><\/i><\/span><\/span>\n<span class=\"vbo-room-carat\"><span class=\"vbo-expl\" data-vbo-expl=\"WC\"><i class=\"fas fa-toilet\"><\/i><\/span><\/span>\n<\/div>\n\t\t\t\t\t\t\t<\/div>\n\t\t\t\t\t\t\t\t\t\t\t\t\t\t<div class=\"vbmodroomsroomcost\">\n\t\t\t\t\t\t\t\t<span class=\"vbo_currency\">pro Nacht ab \u20ac<\/span> <span class=\"vbo_price\">235<\/span>\t\t\t\t\t\t\t\t\t\t\t\t\t\t<\/div>\n\t\t\t\t\t\t\t\t\t\t\t\t<\/div>\n\t\t\t\t\t\t\t\t\t\t<div class=\"vbmodroomsview\">\n\t\t\t\t\t\t<a class=\"btn vbo-pref-color-btn\" href=\"https:\/\/www.hollyboot.de\/index.php\/suche-alle-boote\/?view=roomdetails&amp;roomid=3\">Einzelheiten<\/a>\n\t\t\t\t\t<\/div>\n\t\t\t\t\t\t\t\t\t\t<\/div>\t\n\t\t\t<\/div>\n\t\t\t\t\t<div class=\"vbmodrooms-item vbomodroom-num-3\">\n\t\t\t\t<div class=\"vbmodroomsboxdiv\">\n\t\t\t\t\t\t\t\t\t\t\t<a class=\"vbmodrooms-img-link\" href=\"https:\/\/www.hollyboot.de\/index.php\/suche-alle-boote\/?view=roomdetails&amp;roomid=5\">\n\t\t\t\t\t\t\t<img decoding=\"async\" title=\"Hollyboot #3\" alt=\"Hollyboot #3\" src=\"https:\/\/www.hollyboot.de\/wp-content\/plugins\/vikbooking\/site\/resources\/uploads\/4hollyboot3b.png\" class=\"vbmodroomsimg\"\/>\n\t\t\t\t\t\t<\/a>\n\t\t\t\t\t\t\t\t\t\t\t<div class=\"vbinf\">\n\t\t\t\t\t\t<div class=\"vbmodrooms-divblock\">\n\t\t\t\t\t        <span class=\"vbmodroomsname\">Hollyboot #3<\/span>\n\t\t\t\t\t        \t\t\t\t\t\t<\/div>\n\t\t\t\t\t\t\t\t\t\t\t\t\t<span class=\"vbmodroomscat\">Hausboot<\/span>\n\t\t\t\t\t\t\t\t\t\t\t\t\t\t<div class=\"vbmodrooms-carats\">\n\t\t\t\t\t\t\t\t<div class=\"vbo-room-carats\">\n<span class=\"vbo-room-carat\"><span class=\"vbo-expl\" data-vbo-expl=\"Feuerl\u00f6scher\"><i class=\"fas fa-fire-extinguisher\"><\/i><\/span><\/span>\n<span class=\"vbo-room-carat\"><span class=\"vbo-expl\" data-vbo-expl=\"F\u00fchrerscheinfrei\"><i class=\"fas fa-passport\"><\/i><\/span><\/span>\n<span class=\"vbo-room-carat\"><span class=\"vbo-expl\" data-vbo-expl=\"Anker\"><i class=\"fas fa-anchor\"><\/i><\/span><\/span>\n<span class=\"vbo-room-carat\"><span class=\"vbo-expl\" data-vbo-expl=\"Aussendusche\"><i class=\"fas fa-shower\"><\/i><\/span><\/span>\n<span class=\"vbo-room-carat\"><span class=\"vbo-expl\" data-vbo-expl=\"Aussensitzgruppe\"><i class=\"fas fa-couch\"><\/i><\/span><\/span>\n<span class=\"vbo-room-carat\"><span class=\"vbo-expl\" data-vbo-expl=\"Badeleiter\"><i class=\"fas fa-swimming-pool\"><\/i><\/span><\/span>\n<span class=\"vbo-room-carat\"><span class=\"vbo-expl\" data-vbo-expl=\"Fender\"><i class=\"fas fa-egg\"><\/i><\/span><\/span>\n<span class=\"vbo-room-carat\"><span class=\"vbo-expl\" data-vbo-expl=\"Geschirr\"><i class=\"fas fa-utensils vbo-icn-carat\"><\/i><\/span><\/span>\n<span class=\"vbo-room-carat\"><span class=\"vbo-expl\" data-vbo-expl=\"Heizung\"><i class=\"fas fa-thermometer-full\"><\/i><\/span><\/span>\n<span class=\"vbo-room-carat\"><span class=\"vbo-expl\" data-vbo-expl=\"Kartenmaterial\"><i class=\"fas fa-map\"><\/i><\/span><\/span>\n<span class=\"vbo-room-carat\"><span class=\"vbo-expl\" data-vbo-expl=\"Rettungsring\"><i class=\"fas fa-life-ring\"><\/i><\/span><\/span>\n<span class=\"vbo-room-carat\"><span class=\"vbo-expl\" data-vbo-expl=\"Rettungswesten\"><i class=\"fas fa-tshirt\"><\/i><\/span><\/span>\n<span class=\"vbo-room-carat\"><span class=\"vbo-expl\" data-vbo-expl=\"Solarpanele\"><i class=\"fas fa-solar-panel\"><\/i><\/span><\/span>\n<span class=\"vbo-room-carat\"><span class=\"vbo-expl\" data-vbo-expl=\"Terrasse\"><i class=\"fas fa-umbrella-beach vbo-icn-carat\"><\/i><\/span><\/span>\n<span class=\"vbo-room-carat\"><span class=\"vbo-expl\" data-vbo-expl=\"WC\"><i class=\"fas fa-toilet\"><\/i><\/span><\/span>\n<\/div>\n\t\t\t\t\t\t\t<\/div>\n\t\t\t\t\t\t\t\t\t\t\t\t\t\t<div class=\"vbmodroomsroomcost\">\n\t\t\t\t\t\t\t\t<span class=\"vbo_currency\">pro Nacht ab \u20ac<\/span> <span class=\"vbo_price\">235<\/span>\t\t\t\t\t\t\t\t\t\t\t\t\t\t<\/div>\n\t\t\t\t\t\t\t\t\t\t\t\t<\/div>\n\t\t\t\t\t\t\t\t\t\t<div class=\"vbmodroomsview\">\n\t\t\t\t\t\t<a class=\"btn vbo-pref-color-btn\" href=\"https:\/\/www.hollyboot.de\/index.php\/suche-alle-boote\/?view=roomdetails&amp;roomid=5\">Einzelheiten<\/a>\n\t\t\t\t\t<\/div>\n\t\t\t\t\t\t\t\t\t\t<\/div>\t\n\t\t\t<\/div>\n\t\t\t\t<\/div>\n\t<\/div>\n<\/div>\n\n\n\t\n\n<\/div>\t<style type=\"text\/css\">\n\timg.wp-smiley,\n\timg.emoji {\n\t\tdisplay: inline !important;\n\t\tborder: none !important;\n\t\tbox-shadow: none !important;\n\t\theight: 1em !important;\n\t\twidth: 1em !important;\n\t\tmargin: 0 0.07em !important;\n\t\tvertical-align: -0.1em !important;\n\t\tbackground: none !important;\n\t\tpadding: 0 !important;\n\t}\n\t<\/style>\n\t<link rel='stylesheet' id='wp-block-paragraph-css' href='https:\/\/www.hollyboot.de\/wp-includes\/blocks\/paragraph\/style.min.css?ver=6.9.4' type='text\/css' media='all' \/>\n<link rel='stylesheet' id='wp-block-spacer-css' href='https:\/\/www.hollyboot.de\/wp-includes\/blocks\/spacer\/style.min.css?ver=6.9.4' type='text\/css' media='all' \/>\n<link rel='stylesheet' id='vbo-sys-style-css' href='https:\/\/www.hollyboot.de\/wp-content\/plugins\/vikbooking\/admin\/resources\/css\/system.css?ver=1.8.7' type='text\/css' media='all' \/>\n<link rel='stylesheet' id='6a6ade5e47a89653fd163b94608bf85e-css' href='https:\/\/www.hollyboot.de\/wp-content\/plugins\/vikbooking\/modules\/mod_vikbooking_rooms\/src\/owl.carousel.min.css' type='text\/css' media='all' \/>\n<link rel='stylesheet' id='368fb4c6e901beba152aa10f40f0bf07-css' href='https:\/\/www.hollyboot.de\/wp-content\/plugins\/vikbooking\/modules\/mod_vikbooking_rooms\/mod_vikbooking_rooms.css' type='text\/css' media='all' \/>\n<link rel='stylesheet' id='variables-css' href='https:\/\/www.hollyboot.de\/wp-content\/themes\/wp_plaza_theme\/assets\/css\/less\/cache\/lessphp_c8f10f8222866fede9a56518cb529fe4d203f402.css?ver=6.9.4' type='text\/css' media='all' \/>\n\n\n\n<div style=\"height:50px\" aria-hidden=\"true\" class=\"wp-block-spacer\"><\/div>\n\n\n\n<p class=\"has-text-align-center\">Sie haben Fragen oder ben\u00f6tigen Unterst\u00fctzung bei der Auswahl? Z\u00f6gern Sie nicht, uns \u00fcber unser <a href=\"https:\/\/www.hollyboot.de\/index.php\/contact-us\/\" data-type=\"page\" data-id=\"31\">Kontaktformular<\/a> zu erreichen oder rufen Sie uns direkt an. Zudem empfehlen wir Ihnen einen Blick in unseren <a href=\"https:\/\/www.hollyboot.de\/index.php\/gut-zu-wissen\/\" data-type=\"page\" data-id=\"155\">FAQ-Bereich<\/a>, in dem wir viele h\u00e4ufige Fragen bereits beantworten.<\/p>\n\n\n\n<div style=\"height:60px\" aria-hidden=\"true\" class=\"wp-block-spacer\"><\/div>\n\n\n\n<div style=\"height:60px\" aria-hidden=\"true\" class=\"wp-block-spacer\"><\/div>\n","protected":false},"excerpt":{"rendered":"<p>Hier m\u00f6chten wir Ihnen nun das Wichtigste vorstellen, unsere Flotte. Bestehend aus drei identischen Hausbooten des Typs \"Rollyboot\", dieser Bootstyp ist sehr beliebt da er gr\u00f6\u00dfenm\u00e4\u00dfig gut \u00fcberschaubar ist und sich somit in den Schleusen und bei Anlegeman\u00f6vern sehr gut handhaben l\u00e4\u00dft. Die Boote sind komplett ausgestattet, mit Geschirr, Besteck einen K\u00fchlschrank und einer Heizung &hellip; <\/p>\n<p class=\"link-more\"><a href=\"https:\/\/www.hollyboot.de\/index.php\/unsere-flotte\/\" class=\"more-link\"><span class=\"screen-reader-text\"> prova \"Unsere Flotte\"<\/span><\/a><\/p>\n","protected":false},"author":1,"featured_media":0,"parent":0,"menu_order":0,"comment_status":"closed","ping_status":"closed","template":"page-templates\/page-sidebar.php","meta":{"footnotes":""},"class_list":["post-561","page","type-page","status-publish","hentry"],"yoast_head":"<!-- This site is optimized with the Yoast SEO plugin v27.3 - https:\/\/yoast.com\/product\/yoast-seo-wordpress\/ -->\n<title>Unsere Flotte - Hollyboot Charter<\/title>\n<meta name=\"robots\" content=\"index, follow, max-snippet:-1, max-image-preview:large, max-video-preview:-1\" \/>\n<link rel=\"canonical\" href=\"https:\/\/www.hollyboot.de\/index.php\/unsere-flotte\/\" \/>\n<meta property=\"og:locale\" content=\"de_DE\" \/>\n<meta property=\"og:type\" content=\"article\" \/>\n<meta property=\"og:title\" content=\"Unsere Flotte - Hollyboot Charter\" \/>\n<meta property=\"og:description\" content=\"Hier m\u00f6chten wir Ihnen nun das Wichtigste vorstellen, unsere Flotte. Bestehend aus drei identischen Hausbooten des Typs &quot;Rollyboot&quot;, dieser Bootstyp ist sehr beliebt da er gr\u00f6\u00dfenm\u00e4\u00dfig gut \u00fcberschaubar ist und sich somit in den Schleusen und bei Anlegeman\u00f6vern sehr gut handhaben l\u00e4\u00dft. Die Boote sind komplett ausgestattet, mit Geschirr, Besteck einen K\u00fchlschrank und einer Heizung &hellip; prova &quot;Unsere Flotte&quot;\" \/>\n<meta property=\"og:url\" content=\"https:\/\/www.hollyboot.de\/index.php\/unsere-flotte\/\" \/>\n<meta property=\"og:site_name\" content=\"Hollyboot Charter\" \/>\n<meta property=\"article:publisher\" content=\"https:\/\/www.facebook.com\/p\/Hollyboot-Charter-100054521408102\" \/>\n<meta property=\"article:modified_time\" content=\"2025-12-03T20:51:04+00:00\" \/>\n<meta name=\"twitter:card\" content=\"summary_large_image\" \/>\n<meta name=\"twitter:label1\" content=\"Gesch\u00e4tzte Lesezeit\" \/>\n\t<meta name=\"twitter:data1\" content=\"1\u00a0Minute\" \/>\n<script type=\"application\/ld+json\" class=\"yoast-schema-graph\">{\"@context\":\"https:\\\/\\\/schema.org\",\"@graph\":[{\"@type\":\"WebPage\",\"@id\":\"https:\\\/\\\/www.hollyboot.de\\\/index.php\\\/unsere-flotte\\\/\",\"url\":\"https:\\\/\\\/www.hollyboot.de\\\/index.php\\\/unsere-flotte\\\/\",\"name\":\"Unsere Flotte - Hollyboot Charter\",\"isPartOf\":{\"@id\":\"https:\\\/\\\/www.hollyboot.de\\\/#website\"},\"datePublished\":\"2024-12-25T13:14:27+00:00\",\"dateModified\":\"2025-12-03T20:51:04+00:00\",\"breadcrumb\":{\"@id\":\"https:\\\/\\\/www.hollyboot.de\\\/index.php\\\/unsere-flotte\\\/#breadcrumb\"},\"inLanguage\":\"de\",\"potentialAction\":[{\"@type\":\"ReadAction\",\"target\":[\"https:\\\/\\\/www.hollyboot.de\\\/index.php\\\/unsere-flotte\\\/\"]}]},{\"@type\":\"BreadcrumbList\",\"@id\":\"https:\\\/\\\/www.hollyboot.de\\\/index.php\\\/unsere-flotte\\\/#breadcrumb\",\"itemListElement\":[{\"@type\":\"ListItem\",\"position\":1,\"name\":\"Startseite\",\"item\":\"https:\\\/\\\/www.hollyboot.de\\\/\"},{\"@type\":\"ListItem\",\"position\":2,\"name\":\"Unsere Flotte\"}]},{\"@type\":\"WebSite\",\"@id\":\"https:\\\/\\\/www.hollyboot.de\\\/#website\",\"url\":\"https:\\\/\\\/www.hollyboot.de\\\/\",\"name\":\"Hollyboot Charter\",\"description\":\"\",\"publisher\":{\"@id\":\"https:\\\/\\\/www.hollyboot.de\\\/#organization\"},\"potentialAction\":[{\"@type\":\"SearchAction\",\"target\":{\"@type\":\"EntryPoint\",\"urlTemplate\":\"https:\\\/\\\/www.hollyboot.de\\\/?s={search_term_string}\"},\"query-input\":{\"@type\":\"PropertyValueSpecification\",\"valueRequired\":true,\"valueName\":\"search_term_string\"}}],\"inLanguage\":\"de\"},{\"@type\":\"Organization\",\"@id\":\"https:\\\/\\\/www.hollyboot.de\\\/#organization\",\"name\":\"Hollyboot Charter\",\"url\":\"https:\\\/\\\/www.hollyboot.de\\\/\",\"logo\":{\"@type\":\"ImageObject\",\"inLanguage\":\"de\",\"@id\":\"https:\\\/\\\/www.hollyboot.de\\\/#\\\/schema\\\/logo\\\/image\\\/\",\"url\":\"https:\\\/\\\/www.hollyboot.de\\\/wp-content\\\/uploads\\\/2024\\\/09\\\/Logo_klein.png\",\"contentUrl\":\"https:\\\/\\\/www.hollyboot.de\\\/wp-content\\\/uploads\\\/2024\\\/09\\\/Logo_klein.png\",\"width\":250,\"height\":98,\"caption\":\"Hollyboot Charter\"},\"image\":{\"@id\":\"https:\\\/\\\/www.hollyboot.de\\\/#\\\/schema\\\/logo\\\/image\\\/\"},\"sameAs\":[\"https:\\\/\\\/www.facebook.com\\\/p\\\/Hollyboot-Charter-100054521408102\",\"https:\\\/\\\/www.instagram.com\\\/hollyboot.charter\"]}]}<\/script>\n<!-- \/ Yoast SEO plugin. -->","yoast_head_json":{"title":"Unsere Flotte - Hollyboot Charter","robots":{"index":"index","follow":"follow","max-snippet":"max-snippet:-1","max-image-preview":"max-image-preview:large","max-video-preview":"max-video-preview:-1"},"canonical":"https:\/\/www.hollyboot.de\/index.php\/unsere-flotte\/","og_locale":"de_DE","og_type":"article","og_title":"Unsere Flotte - Hollyboot Charter","og_description":"Hier m\u00f6chten wir Ihnen nun das Wichtigste vorstellen, unsere Flotte. Bestehend aus drei identischen Hausbooten des Typs \"Rollyboot\", dieser Bootstyp ist sehr beliebt da er gr\u00f6\u00dfenm\u00e4\u00dfig gut \u00fcberschaubar ist und sich somit in den Schleusen und bei Anlegeman\u00f6vern sehr gut handhaben l\u00e4\u00dft. Die Boote sind komplett ausgestattet, mit Geschirr, Besteck einen K\u00fchlschrank und einer Heizung &hellip; prova \"Unsere Flotte\"","og_url":"https:\/\/www.hollyboot.de\/index.php\/unsere-flotte\/","og_site_name":"Hollyboot Charter","article_publisher":"https:\/\/www.facebook.com\/p\/Hollyboot-Charter-100054521408102","article_modified_time":"2025-12-03T20:51:04+00:00","twitter_card":"summary_large_image","twitter_misc":{"Gesch\u00e4tzte Lesezeit":"1\u00a0Minute"},"schema":{"@context":"https:\/\/schema.org","@graph":[{"@type":"WebPage","@id":"https:\/\/www.hollyboot.de\/index.php\/unsere-flotte\/","url":"https:\/\/www.hollyboot.de\/index.php\/unsere-flotte\/","name":"Unsere Flotte - Hollyboot Charter","isPartOf":{"@id":"https:\/\/www.hollyboot.de\/#website"},"datePublished":"2024-12-25T13:14:27+00:00","dateModified":"2025-12-03T20:51:04+00:00","breadcrumb":{"@id":"https:\/\/www.hollyboot.de\/index.php\/unsere-flotte\/#breadcrumb"},"inLanguage":"de","potentialAction":[{"@type":"ReadAction","target":["https:\/\/www.hollyboot.de\/index.php\/unsere-flotte\/"]}]},{"@type":"BreadcrumbList","@id":"https:\/\/www.hollyboot.de\/index.php\/unsere-flotte\/#breadcrumb","itemListElement":[{"@type":"ListItem","position":1,"name":"Startseite","item":"https:\/\/www.hollyboot.de\/"},{"@type":"ListItem","position":2,"name":"Unsere Flotte"}]},{"@type":"WebSite","@id":"https:\/\/www.hollyboot.de\/#website","url":"https:\/\/www.hollyboot.de\/","name":"Hollyboot Charter","description":"","publisher":{"@id":"https:\/\/www.hollyboot.de\/#organization"},"potentialAction":[{"@type":"SearchAction","target":{"@type":"EntryPoint","urlTemplate":"https:\/\/www.hollyboot.de\/?s={search_term_string}"},"query-input":{"@type":"PropertyValueSpecification","valueRequired":true,"valueName":"search_term_string"}}],"inLanguage":"de"},{"@type":"Organization","@id":"https:\/\/www.hollyboot.de\/#organization","name":"Hollyboot Charter","url":"https:\/\/www.hollyboot.de\/","logo":{"@type":"ImageObject","inLanguage":"de","@id":"https:\/\/www.hollyboot.de\/#\/schema\/logo\/image\/","url":"https:\/\/www.hollyboot.de\/wp-content\/uploads\/2024\/09\/Logo_klein.png","contentUrl":"https:\/\/www.hollyboot.de\/wp-content\/uploads\/2024\/09\/Logo_klein.png","width":250,"height":98,"caption":"Hollyboot Charter"},"image":{"@id":"https:\/\/www.hollyboot.de\/#\/schema\/logo\/image\/"},"sameAs":["https:\/\/www.facebook.com\/p\/Hollyboot-Charter-100054521408102","https:\/\/www.instagram.com\/hollyboot.charter"]}]}},"_links":{"self":[{"href":"https:\/\/www.hollyboot.de\/index.php\/wp-json\/wp\/v2\/pages\/561","targetHints":{"allow":["GET"]}}],"collection":[{"href":"https:\/\/www.hollyboot.de\/index.php\/wp-json\/wp\/v2\/pages"}],"about":[{"href":"https:\/\/www.hollyboot.de\/index.php\/wp-json\/wp\/v2\/types\/page"}],"author":[{"embeddable":true,"href":"https:\/\/www.hollyboot.de\/index.php\/wp-json\/wp\/v2\/users\/1"}],"replies":[{"embeddable":true,"href":"https:\/\/www.hollyboot.de\/index.php\/wp-json\/wp\/v2\/comments?post=561"}],"version-history":[{"count":35,"href":"https:\/\/www.hollyboot.de\/index.php\/wp-json\/wp\/v2\/pages\/561\/revisions"}],"predecessor-version":[{"id":879,"href":"https:\/\/www.hollyboot.de\/index.php\/wp-json\/wp\/v2\/pages\/561\/revisions\/879"}],"wp:attachment":[{"href":"https:\/\/www.hollyboot.de\/index.php\/wp-json\/wp\/v2\/media?parent=561"}],"curies":[{"name":"wp","href":"https:\/\/api.w.org\/{rel}","templated":true}]}}