{"id":540,"date":"2024-12-23T22:31:39","date_gmt":"2024-12-23T22:31:39","guid":{"rendered":"https:\/\/web.hollyboot.de\/?page_id=540"},"modified":"2025-12-03T22:01:49","modified_gmt":"2025-12-03T21:01:49","slug":"umgebung-aktivitaeten","status":"publish","type":"page","link":"https:\/\/www.hollyboot.de\/index.php\/umgebung-aktivitaeten\/","title":{"rendered":"Umgebung &amp; Aktivit\u00e4ten"},"content":{"rendered":"\n<p>Das Dahme-Seenland begeistert mit einer vielfaltigen Landschaft und einer Vielzahl an Aktivit\u00e4ten f\u00fcr jeden Geschmack. Umgeben von malerischen W\u00e4ldern, idyllischen Wiesen und glitzernden Seen ist dieses Paradies der perfekte Ort f\u00fcr Natur- und Sportliebhaber.<\/p>\n\n\n\n<p><strong>Wassersport:<\/strong>&nbsp;Genie\u00dfen Sie unvergessliche Stunden auf dem Wasser! Ob schwimmen, paddeln oder angeln \u2013 die vielen Seen laden zu Wassersportaktivit\u00e4ten ein. Mieten Sie ein Kanu oder ein Tretboot und entdecken Sie die ruhigen Gew\u00e4sser in Ihrer eigenen Zeit.<\/p>\n\n\n\n<p class=\"has-vivid-red-color has-text-color has-link-color wp-elements-dcc69f0e7c48a55a80c97f3707c02a4a\"><strong>Wichtig zu wissen f\u00fcr unsere G\u00e4ste mit den fahrenden Hausbooten. Es gibt eine Zugbr\u00fccke in Gro\u00df-K\u00f6ris, diese m\u00fcssen Sie passieren wenn Sie die Teupitzer Gew\u00e4sser in Richtung Zernsdorf oder Storkow verlassen. Diese hat feste \u00d6ffnungszeiten, planen Sie das bitte entsprechend ein.<\/strong> <\/p>\n\n\n\n<p class=\"has-vivid-red-color has-text-color has-link-color wp-elements-e20d9e12c33a53b65680f1a334944be3\"><strong>Die Zugzeiten f\u00fcr 2025 sind:<\/strong><\/p>\n\n\n\n<p class=\"has-vivid-red-color has-text-color has-link-color wp-elements-09a7e9f28e71ba1cead33528ee03a15d\"><strong>01.04. - 30.04. um 11.00 Uhr und um 16.00 Uhr<br>01.05. - 31.05. um 11.00 Uhr, 15.00 Uhr und 17.00 Uhr<br>01.06. - 31.08. um 9.00 Uhr, 12.00 Uhr, 15.00 Uhr und 18.00 Uhr<br>01.09. - 30.09. um 11.00 Uhr, 15.00 Uhr und 17.00 Uhr<\/strong><\/p>\n\n\n\n<p><strong><mark style=\"background-color:#fcb900\" class=\"has-inline-color has-vivid-red-color\">Dir Zugzeiten f\u00fcr das Jahr 2026 sind bisher nicht bekanntgegeben worden, wir werden diese aktualisieren sobald uns es m\u00f6glich ist.<\/mark><\/strong><\/p>\n\n\n\n<p><strong>Rad- und Wanderwege:<\/strong>&nbsp;Erkunden Sie das Dahme-Seenland auf einem der hervorragend ausgebauten Rad- und Wanderwege. Diese f\u00fchren durch die atemberaubende Natur und bieten zahlreiche Gelegenheiten, die Flora und Fauna zu bewundern. Halten Sie an den vielen Aussichtspunkten und genie\u00dfen Sie die spektakul\u00e4ren Ausblicke.<\/p>\n\n\n\n<p><strong>Kultur und Genuss:<\/strong>&nbsp;Die Umgebung bietet auch eine Vielzahl an kulturellen Highlights \u2013 von charmanten D\u00f6rfern und historischen St\u00e4tten bis hin zu gem\u00fctlichen Caf\u00e9s und Restaurants, die regionale Spezialit\u00e4ten servieren. Lassen Sie sich von der brandenburgischen Gastfreundschaft verw\u00f6hnen!<\/p>\n\n\n\n<p>Egal ob Sie auf der Suche nach Entspannung oder Abenteuer sind \u2013 das Dahme-Seenland hat f\u00fcr jeden etwas zu bieten. Gestalten Sie Ihren Aufenthalt ganz nach Ihren W\u00fcnschen und genie\u00dfen Sie die zeitlose Sch\u00f6nheit dieser einzigartigen Region!<\/p>\n\n\n\n<p>Sprechen Sie uns an, wir halten gerne Empfehlungen f\u00fcr Sie bereit!<\/p>\n\n\n\n<div style=\"height:60px\" aria-hidden=\"true\" class=\"wp-block-spacer\"><\/div>\n\n\n\n<figure class=\"wp-block-gallery has-nested-images columns-default is-cropped wp-block-gallery-1 is-layout-flex wp-block-gallery-is-layout-flex\">\n<figure class=\"wp-block-image size-large\"><img loading=\"lazy\" decoding=\"async\" width=\"1024\" height=\"683\" data-id=\"108\" src=\"https:\/\/www.hollyboot.de\/wp-content\/uploads\/2024\/09\/slider_3-1024x683.jpg\" alt=\"\" class=\"wp-image-108\" srcset=\"https:\/\/www.hollyboot.de\/wp-content\/uploads\/2024\/09\/slider_3-1024x683.jpg 1024w, https:\/\/www.hollyboot.de\/wp-content\/uploads\/2024\/09\/slider_3-300x200.jpg 300w, https:\/\/www.hollyboot.de\/wp-content\/uploads\/2024\/09\/slider_3-768x512.jpg 768w, https:\/\/www.hollyboot.de\/wp-content\/uploads\/2024\/09\/slider_3-1536x1025.jpg 1536w, https:\/\/www.hollyboot.de\/wp-content\/uploads\/2024\/09\/slider_3-480x320.jpg 480w, https:\/\/www.hollyboot.de\/wp-content\/uploads\/2024\/09\/slider_3-719x480.jpg 719w, https:\/\/www.hollyboot.de\/wp-content\/uploads\/2024\/09\/slider_3-250x167.jpg 250w, https:\/\/www.hollyboot.de\/wp-content\/uploads\/2024\/09\/slider_3-375x250.jpg 375w, https:\/\/www.hollyboot.de\/wp-content\/uploads\/2024\/09\/slider_3-150x100.jpg 150w, https:\/\/www.hollyboot.de\/wp-content\/uploads\/2024\/09\/slider_3.jpg 1920w\" sizes=\"auto, (max-width: 1024px) 100vw, 1024px\" \/><\/figure>\n\n\n\n<figure class=\"wp-block-image size-large\"><img loading=\"lazy\" decoding=\"async\" width=\"750\" height=\"500\" data-id=\"119\" src=\"https:\/\/www.hollyboot.de\/wp-content\/uploads\/2024\/09\/slider_1a.jpg\" alt=\"\" class=\"wp-image-119\" srcset=\"https:\/\/www.hollyboot.de\/wp-content\/uploads\/2024\/09\/slider_1a.jpg 750w, https:\/\/www.hollyboot.de\/wp-content\/uploads\/2024\/09\/slider_1a-300x200.jpg 300w, https:\/\/www.hollyboot.de\/wp-content\/uploads\/2024\/09\/slider_1a-480x320.jpg 480w, https:\/\/www.hollyboot.de\/wp-content\/uploads\/2024\/09\/slider_1a-720x480.jpg 720w, https:\/\/www.hollyboot.de\/wp-content\/uploads\/2024\/09\/slider_1a-250x167.jpg 250w, https:\/\/www.hollyboot.de\/wp-content\/uploads\/2024\/09\/slider_1a-375x250.jpg 375w, https:\/\/www.hollyboot.de\/wp-content\/uploads\/2024\/09\/slider_1a-150x100.jpg 150w\" sizes=\"auto, (max-width: 750px) 100vw, 750px\" \/><\/figure>\n\n\n\n<figure class=\"wp-block-image size-large\"><img loading=\"lazy\" decoding=\"async\" width=\"750\" height=\"500\" data-id=\"120\" src=\"https:\/\/www.hollyboot.de\/wp-content\/uploads\/2024\/09\/slider_2a.jpg\" alt=\"\" class=\"wp-image-120\" srcset=\"https:\/\/www.hollyboot.de\/wp-content\/uploads\/2024\/09\/slider_2a.jpg 750w, https:\/\/www.hollyboot.de\/wp-content\/uploads\/2024\/09\/slider_2a-300x200.jpg 300w, https:\/\/www.hollyboot.de\/wp-content\/uploads\/2024\/09\/slider_2a-480x320.jpg 480w, https:\/\/www.hollyboot.de\/wp-content\/uploads\/2024\/09\/slider_2a-720x480.jpg 720w, https:\/\/www.hollyboot.de\/wp-content\/uploads\/2024\/09\/slider_2a-250x167.jpg 250w, https:\/\/www.hollyboot.de\/wp-content\/uploads\/2024\/09\/slider_2a-375x250.jpg 375w, https:\/\/www.hollyboot.de\/wp-content\/uploads\/2024\/09\/slider_2a-150x100.jpg 150w\" sizes=\"auto, (max-width: 750px) 100vw, 750px\" \/><\/figure>\n<\/figure>\n\n\n\n<div style=\"height:100px\" aria-hidden=\"true\" class=\"wp-block-spacer\"><\/div>\n","protected":false},"excerpt":{"rendered":"<p>Das Dahme-Seenland begeistert mit einer vielfaltigen Landschaft und einer Vielzahl an Aktivit\u00e4ten f\u00fcr jeden Geschmack. Umgeben von malerischen W\u00e4ldern, idyllischen Wiesen und glitzernden Seen ist dieses Paradies der perfekte Ort f\u00fcr Natur- und Sportliebhaber. Wassersport:&nbsp;Genie\u00dfen Sie unvergessliche Stunden auf dem Wasser! Ob schwimmen, paddeln oder angeln \u2013 die vielen Seen laden zu Wassersportaktivit\u00e4ten ein. Mieten &hellip; <\/p>\n<p class=\"link-more\"><a href=\"https:\/\/www.hollyboot.de\/index.php\/umgebung-aktivitaeten\/\" class=\"more-link\"><span class=\"screen-reader-text\"> prova \"Umgebung &amp; Aktivit\u00e4ten\"<\/span><\/a><\/p>\n","protected":false},"author":1,"featured_media":0,"parent":0,"menu_order":0,"comment_status":"closed","ping_status":"closed","template":"","meta":{"footnotes":""},"class_list":["post-540","page","type-page","status-publish","hentry"],"yoast_head":"<!-- This site is optimized with the Yoast SEO plugin v27.5 - https:\/\/yoast.com\/product\/yoast-seo-wordpress\/ -->\n<title>Umgebung &amp; Aktivit\u00e4ten - Hollyboot Charter<\/title>\n<meta name=\"robots\" content=\"index, follow, max-snippet:-1, max-image-preview:large, max-video-preview:-1\" \/>\n<link rel=\"canonical\" href=\"https:\/\/www.hollyboot.de\/index.php\/umgebung-aktivitaeten\/\" \/>\n<meta property=\"og:locale\" content=\"de_DE\" \/>\n<meta property=\"og:type\" content=\"article\" \/>\n<meta property=\"og:title\" content=\"Umgebung &amp; Aktivit\u00e4ten - Hollyboot Charter\" \/>\n<meta property=\"og:description\" content=\"Das Dahme-Seenland begeistert mit einer vielfaltigen Landschaft und einer Vielzahl an Aktivit\u00e4ten f\u00fcr jeden Geschmack. Umgeben von malerischen W\u00e4ldern, idyllischen Wiesen und glitzernden Seen ist dieses Paradies der perfekte Ort f\u00fcr Natur- und Sportliebhaber. Wassersport:&nbsp;Genie\u00dfen Sie unvergessliche Stunden auf dem Wasser! Ob schwimmen, paddeln oder angeln \u2013 die vielen Seen laden zu Wassersportaktivit\u00e4ten ein. Mieten &hellip; prova &quot;Umgebung &amp; Aktivit\u00e4ten&quot;\" \/>\n<meta property=\"og:url\" content=\"https:\/\/www.hollyboot.de\/index.php\/umgebung-aktivitaeten\/\" \/>\n<meta property=\"og:site_name\" content=\"Hollyboot Charter\" \/>\n<meta property=\"article:publisher\" content=\"https:\/\/www.facebook.com\/p\/Hollyboot-Charter-100054521408102\" \/>\n<meta property=\"article:modified_time\" content=\"2025-12-03T21:01:49+00:00\" \/>\n<meta property=\"og:image\" content=\"https:\/\/www.hollyboot.de\/wp-content\/uploads\/2024\/09\/slider_3.jpg\" \/>\n\t<meta property=\"og:image:width\" content=\"1920\" \/>\n\t<meta property=\"og:image:height\" content=\"1281\" \/>\n\t<meta property=\"og:image:type\" content=\"image\/jpeg\" \/>\n<meta name=\"twitter:card\" content=\"summary_large_image\" \/>\n<meta name=\"twitter:label1\" content=\"Gesch\u00e4tzte Lesezeit\" \/>\n\t<meta name=\"twitter:data1\" content=\"3\u00a0Minuten\" \/>\n<script type=\"application\/ld+json\" class=\"yoast-schema-graph\">{\"@context\":\"https:\\\/\\\/schema.org\",\"@graph\":[{\"@type\":\"WebPage\",\"@id\":\"https:\\\/\\\/www.hollyboot.de\\\/index.php\\\/umgebung-aktivitaeten\\\/\",\"url\":\"https:\\\/\\\/www.hollyboot.de\\\/index.php\\\/umgebung-aktivitaeten\\\/\",\"name\":\"Umgebung &amp; Aktivit\u00e4ten - Hollyboot Charter\",\"isPartOf\":{\"@id\":\"https:\\\/\\\/www.hollyboot.de\\\/#website\"},\"primaryImageOfPage\":{\"@id\":\"https:\\\/\\\/www.hollyboot.de\\\/index.php\\\/umgebung-aktivitaeten\\\/#primaryimage\"},\"image\":{\"@id\":\"https:\\\/\\\/www.hollyboot.de\\\/index.php\\\/umgebung-aktivitaeten\\\/#primaryimage\"},\"thumbnailUrl\":\"https:\\\/\\\/www.hollyboot.de\\\/wp-content\\\/uploads\\\/2024\\\/09\\\/slider_3-1024x683.jpg\",\"datePublished\":\"2024-12-23T22:31:39+00:00\",\"dateModified\":\"2025-12-03T21:01:49+00:00\",\"breadcrumb\":{\"@id\":\"https:\\\/\\\/www.hollyboot.de\\\/index.php\\\/umgebung-aktivitaeten\\\/#breadcrumb\"},\"inLanguage\":\"de\",\"potentialAction\":[{\"@type\":\"ReadAction\",\"target\":[\"https:\\\/\\\/www.hollyboot.de\\\/index.php\\\/umgebung-aktivitaeten\\\/\"]}]},{\"@type\":\"ImageObject\",\"inLanguage\":\"de\",\"@id\":\"https:\\\/\\\/www.hollyboot.de\\\/index.php\\\/umgebung-aktivitaeten\\\/#primaryimage\",\"url\":\"https:\\\/\\\/www.hollyboot.de\\\/wp-content\\\/uploads\\\/2024\\\/09\\\/slider_3.jpg\",\"contentUrl\":\"https:\\\/\\\/www.hollyboot.de\\\/wp-content\\\/uploads\\\/2024\\\/09\\\/slider_3.jpg\",\"width\":1920,\"height\":1281,\"caption\":\"Beispiel 5\"},{\"@type\":\"BreadcrumbList\",\"@id\":\"https:\\\/\\\/www.hollyboot.de\\\/index.php\\\/umgebung-aktivitaeten\\\/#breadcrumb\",\"itemListElement\":[{\"@type\":\"ListItem\",\"position\":1,\"name\":\"Startseite\",\"item\":\"https:\\\/\\\/www.hollyboot.de\\\/\"},{\"@type\":\"ListItem\",\"position\":2,\"name\":\"Umgebung &amp; Aktivit\u00e4ten\"}]},{\"@type\":\"WebSite\",\"@id\":\"https:\\\/\\\/www.hollyboot.de\\\/#website\",\"url\":\"https:\\\/\\\/www.hollyboot.de\\\/\",\"name\":\"Hollyboot Charter\",\"description\":\"\",\"publisher\":{\"@id\":\"https:\\\/\\\/www.hollyboot.de\\\/#organization\"},\"potentialAction\":[{\"@type\":\"SearchAction\",\"target\":{\"@type\":\"EntryPoint\",\"urlTemplate\":\"https:\\\/\\\/www.hollyboot.de\\\/?s={search_term_string}\"},\"query-input\":{\"@type\":\"PropertyValueSpecification\",\"valueRequired\":true,\"valueName\":\"search_term_string\"}}],\"inLanguage\":\"de\"},{\"@type\":\"Organization\",\"@id\":\"https:\\\/\\\/www.hollyboot.de\\\/#organization\",\"name\":\"Hollyboot Charter\",\"url\":\"https:\\\/\\\/www.hollyboot.de\\\/\",\"logo\":{\"@type\":\"ImageObject\",\"inLanguage\":\"de\",\"@id\":\"https:\\\/\\\/www.hollyboot.de\\\/#\\\/schema\\\/logo\\\/image\\\/\",\"url\":\"https:\\\/\\\/www.hollyboot.de\\\/wp-content\\\/uploads\\\/2024\\\/09\\\/Logo_klein.png\",\"contentUrl\":\"https:\\\/\\\/www.hollyboot.de\\\/wp-content\\\/uploads\\\/2024\\\/09\\\/Logo_klein.png\",\"width\":250,\"height\":98,\"caption\":\"Hollyboot Charter\"},\"image\":{\"@id\":\"https:\\\/\\\/www.hollyboot.de\\\/#\\\/schema\\\/logo\\\/image\\\/\"},\"sameAs\":[\"https:\\\/\\\/www.facebook.com\\\/p\\\/Hollyboot-Charter-100054521408102\",\"https:\\\/\\\/www.instagram.com\\\/hollyboot.charter\"]}]}<\/script>\n<!-- \/ Yoast SEO plugin. -->","yoast_head_json":{"title":"Umgebung &amp; Aktivit\u00e4ten - Hollyboot Charter","robots":{"index":"index","follow":"follow","max-snippet":"max-snippet:-1","max-image-preview":"max-image-preview:large","max-video-preview":"max-video-preview:-1"},"canonical":"https:\/\/www.hollyboot.de\/index.php\/umgebung-aktivitaeten\/","og_locale":"de_DE","og_type":"article","og_title":"Umgebung &amp; Aktivit\u00e4ten - Hollyboot Charter","og_description":"Das Dahme-Seenland begeistert mit einer vielfaltigen Landschaft und einer Vielzahl an Aktivit\u00e4ten f\u00fcr jeden Geschmack. Umgeben von malerischen W\u00e4ldern, idyllischen Wiesen und glitzernden Seen ist dieses Paradies der perfekte Ort f\u00fcr Natur- und Sportliebhaber. Wassersport:&nbsp;Genie\u00dfen Sie unvergessliche Stunden auf dem Wasser! Ob schwimmen, paddeln oder angeln \u2013 die vielen Seen laden zu Wassersportaktivit\u00e4ten ein. Mieten &hellip; prova \"Umgebung &amp; Aktivit\u00e4ten\"","og_url":"https:\/\/www.hollyboot.de\/index.php\/umgebung-aktivitaeten\/","og_site_name":"Hollyboot Charter","article_publisher":"https:\/\/www.facebook.com\/p\/Hollyboot-Charter-100054521408102","article_modified_time":"2025-12-03T21:01:49+00:00","og_image":[{"width":1920,"height":1281,"url":"https:\/\/www.hollyboot.de\/wp-content\/uploads\/2024\/09\/slider_3.jpg","type":"image\/jpeg"}],"twitter_card":"summary_large_image","twitter_misc":{"Gesch\u00e4tzte Lesezeit":"3\u00a0Minuten"},"schema":{"@context":"https:\/\/schema.org","@graph":[{"@type":"WebPage","@id":"https:\/\/www.hollyboot.de\/index.php\/umgebung-aktivitaeten\/","url":"https:\/\/www.hollyboot.de\/index.php\/umgebung-aktivitaeten\/","name":"Umgebung &amp; Aktivit\u00e4ten - Hollyboot Charter","isPartOf":{"@id":"https:\/\/www.hollyboot.de\/#website"},"primaryImageOfPage":{"@id":"https:\/\/www.hollyboot.de\/index.php\/umgebung-aktivitaeten\/#primaryimage"},"image":{"@id":"https:\/\/www.hollyboot.de\/index.php\/umgebung-aktivitaeten\/#primaryimage"},"thumbnailUrl":"https:\/\/www.hollyboot.de\/wp-content\/uploads\/2024\/09\/slider_3-1024x683.jpg","datePublished":"2024-12-23T22:31:39+00:00","dateModified":"2025-12-03T21:01:49+00:00","breadcrumb":{"@id":"https:\/\/www.hollyboot.de\/index.php\/umgebung-aktivitaeten\/#breadcrumb"},"inLanguage":"de","potentialAction":[{"@type":"ReadAction","target":["https:\/\/www.hollyboot.de\/index.php\/umgebung-aktivitaeten\/"]}]},{"@type":"ImageObject","inLanguage":"de","@id":"https:\/\/www.hollyboot.de\/index.php\/umgebung-aktivitaeten\/#primaryimage","url":"https:\/\/www.hollyboot.de\/wp-content\/uploads\/2024\/09\/slider_3.jpg","contentUrl":"https:\/\/www.hollyboot.de\/wp-content\/uploads\/2024\/09\/slider_3.jpg","width":1920,"height":1281,"caption":"Beispiel 5"},{"@type":"BreadcrumbList","@id":"https:\/\/www.hollyboot.de\/index.php\/umgebung-aktivitaeten\/#breadcrumb","itemListElement":[{"@type":"ListItem","position":1,"name":"Startseite","item":"https:\/\/www.hollyboot.de\/"},{"@type":"ListItem","position":2,"name":"Umgebung &amp; Aktivit\u00e4ten"}]},{"@type":"WebSite","@id":"https:\/\/www.hollyboot.de\/#website","url":"https:\/\/www.hollyboot.de\/","name":"Hollyboot Charter","description":"","publisher":{"@id":"https:\/\/www.hollyboot.de\/#organization"},"potentialAction":[{"@type":"SearchAction","target":{"@type":"EntryPoint","urlTemplate":"https:\/\/www.hollyboot.de\/?s={search_term_string}"},"query-input":{"@type":"PropertyValueSpecification","valueRequired":true,"valueName":"search_term_string"}}],"inLanguage":"de"},{"@type":"Organization","@id":"https:\/\/www.hollyboot.de\/#organization","name":"Hollyboot Charter","url":"https:\/\/www.hollyboot.de\/","logo":{"@type":"ImageObject","inLanguage":"de","@id":"https:\/\/www.hollyboot.de\/#\/schema\/logo\/image\/","url":"https:\/\/www.hollyboot.de\/wp-content\/uploads\/2024\/09\/Logo_klein.png","contentUrl":"https:\/\/www.hollyboot.de\/wp-content\/uploads\/2024\/09\/Logo_klein.png","width":250,"height":98,"caption":"Hollyboot Charter"},"image":{"@id":"https:\/\/www.hollyboot.de\/#\/schema\/logo\/image\/"},"sameAs":["https:\/\/www.facebook.com\/p\/Hollyboot-Charter-100054521408102","https:\/\/www.instagram.com\/hollyboot.charter"]}]}},"_links":{"self":[{"href":"https:\/\/www.hollyboot.de\/index.php\/wp-json\/wp\/v2\/pages\/540","targetHints":{"allow":["GET"]}}],"collection":[{"href":"https:\/\/www.hollyboot.de\/index.php\/wp-json\/wp\/v2\/pages"}],"about":[{"href":"https:\/\/www.hollyboot.de\/index.php\/wp-json\/wp\/v2\/types\/page"}],"author":[{"embeddable":true,"href":"https:\/\/www.hollyboot.de\/index.php\/wp-json\/wp\/v2\/users\/1"}],"replies":[{"embeddable":true,"href":"https:\/\/www.hollyboot.de\/index.php\/wp-json\/wp\/v2\/comments?post=540"}],"version-history":[{"count":6,"href":"https:\/\/www.hollyboot.de\/index.php\/wp-json\/wp\/v2\/pages\/540\/revisions"}],"predecessor-version":[{"id":881,"href":"https:\/\/www.hollyboot.de\/index.php\/wp-json\/wp\/v2\/pages\/540\/revisions\/881"}],"wp:attachment":[{"href":"https:\/\/www.hollyboot.de\/index.php\/wp-json\/wp\/v2\/media?parent=540"}],"curies":[{"name":"wp","href":"https:\/\/api.w.org\/{rel}","templated":true}]}}