{"id":327,"date":"2024-09-26T19:05:58","date_gmt":"2024-09-26T19:05:58","guid":{"rendered":"https:\/\/web.hollyboot.de\/?page_id=327"},"modified":"2025-12-03T22:25:38","modified_gmt":"2025-12-03T21:25:38","slug":"unsere-boote","status":"publish","type":"page","link":"https:\/\/www.hollyboot.de\/","title":{"rendered":"Herzlich willkommen bei Hollyboot"},"content":{"rendered":"\n<div style=\"height:60px\" aria-hidden=\"true\" class=\"wp-block-spacer\"><\/div>\n\n\n\n<blockquote class=\"wp-block-quote is-style-default is-layout-flow wp-block-quote-is-layout-flow\">\n<h3 class=\"wp-block-heading\">Entdecken Sie das Dahme-Seenland!<\/h3>\n\n\n\n<p>Machen Sie sich bereit f\u00fcr ein unvergessliches Abenteuer auf dem Wasser oder erkunden Sie das malerische Dahme-Seenland vom Ufer aus. Brandenburg ist ber\u00fchmt f\u00fcr seine atemberaubenden Seen und dichten Kiefernw\u00e4lder.<\/p>\n\n\n\n<p>Genie\u00dfen Sie die Freiheit und Flexibilit\u00e4t, die ein Urlaub auf einem Hausboot mit sich bringt. Und erleben Sie das Gef\u00fchl, \u00fcberall dort eine Heimat zu finden, wo es Ihnen gef\u00e4llt.&nbsp;<\/p>\n<\/blockquote>\n\n\n<style class=\"wpcode-css-snippet\">img:hover {\r\nopacity:0.6;\r\nfilter:alpha(opacity=60); \/* For IE8 and earlier *\/\r\n-webkit-transition: all 0,5s ease;\r\n-moz-transition: all 0,5s ease;\r\n-ms-transition: all 0,5s ease;\r\n-o-transition: all 0,5s ease;\r\ntransition: all 0,5s ease;\r\n}<\/style>\n\n\n\n<p><\/p>\n\n\n\n<p>Die Hollyboote sind hochwertig, komfortabel und liebevoll eingerichtet. \u00dcberzeugen Sie sich selbst und buchen Sie Ihren unvergesslichen T\u00f6rn im Dahme-Seenland noch heute.<\/p>\n\n\n<div class=\"wp-block-image is-style-default\">\n<figure class=\"aligncenter size-medium\"><a href=\"https:\/\/www.hollyboot.de\/index.php\/verfuegbarkeit-unserer-hausboote\/\"><img loading=\"lazy\" decoding=\"async\" width=\"300\" height=\"300\" src=\"https:\/\/www.hollyboot.de\/wp-content\/uploads\/2025\/12\/hausboot_buchen-300x300.png\" alt=\"\" class=\"wp-image-887\" srcset=\"https:\/\/www.hollyboot.de\/wp-content\/uploads\/2025\/12\/hausboot_buchen-300x300.png 300w, https:\/\/www.hollyboot.de\/wp-content\/uploads\/2025\/12\/hausboot_buchen-150x150.png 150w, https:\/\/www.hollyboot.de\/wp-content\/uploads\/2025\/12\/hausboot_buchen-480x480.png 480w, https:\/\/www.hollyboot.de\/wp-content\/uploads\/2025\/12\/hausboot_buchen-250x250.png 250w, https:\/\/www.hollyboot.de\/wp-content\/uploads\/2025\/12\/hausboot_buchen.png 500w\" sizes=\"auto, (max-width: 300px) 100vw, 300px\" \/><\/a><\/figure>\n<\/div>\n\n\n<p class=\"has-text-align-center\">Wir freuen uns auf Sie!<\/p>\n\n\n<div class=\"wp-block-image\">\n<figure class=\"aligncenter size-full\"><a href=\"https:\/\/www.hollyboot.de\/index.php\/about-us\/\"><img loading=\"lazy\" decoding=\"async\" width=\"385\" height=\"169\" src=\"https:\/\/www.hollyboot.de\/wp-content\/uploads\/2024\/09\/signature.png\" alt=\"\" class=\"wp-image-254\" srcset=\"https:\/\/www.hollyboot.de\/wp-content\/uploads\/2024\/09\/signature.png 385w, https:\/\/www.hollyboot.de\/wp-content\/uploads\/2024\/09\/signature-300x132.png 300w, https:\/\/www.hollyboot.de\/wp-content\/uploads\/2024\/09\/signature-250x110.png 250w, https:\/\/www.hollyboot.de\/wp-content\/uploads\/2024\/09\/signature-150x66.png 150w\" sizes=\"auto, (max-width: 385px) 100vw, 385px\" \/><\/a><\/figure>\n<\/div>\n\n\n<div style=\"height:74px\" aria-hidden=\"true\" class=\"wp-block-spacer\"><\/div>\n\n\n\n<div style=\"height:65px\" aria-hidden=\"true\" class=\"wp-block-spacer\"><\/div>\n\n\n\n<p><\/p>\n","protected":false},"excerpt":{"rendered":"<p>Entdecken Sie das Dahme-Seenland! Machen Sie sich bereit f\u00fcr ein unvergessliches Abenteuer auf dem Wasser oder erkunden Sie das malerische Dahme-Seenland vom Ufer aus. Brandenburg ist ber\u00fchmt f\u00fcr seine atemberaubenden Seen und dichten Kiefernw\u00e4lder. Genie\u00dfen Sie die Freiheit und Flexibilit\u00e4t, die ein Urlaub auf einem Hausboot mit sich bringt. Und erleben Sie das Gef\u00fchl, \u00fcberall &hellip; <\/p>\n<p class=\"link-more\"><a href=\"https:\/\/www.hollyboot.de\/\" class=\"more-link\"><span class=\"screen-reader-text\"> prova \"Herzlich willkommen bei Hollyboot\"<\/span><\/a><\/p>\n","protected":false},"author":1,"featured_media":0,"parent":0,"menu_order":0,"comment_status":"closed","ping_status":"closed","template":"","meta":{"footnotes":""},"class_list":["post-327","page","type-page","status-publish","hentry"],"yoast_head":"<!-- This site is optimized with the Yoast SEO plugin v27.5 - https:\/\/yoast.com\/product\/yoast-seo-wordpress\/ -->\n<title>Herzlich willkommen bei Hollyboot - Hollyboot Charter<\/title>\n<meta name=\"robots\" content=\"index, follow, max-snippet:-1, max-image-preview:large, max-video-preview:-1\" \/>\n<link rel=\"canonical\" href=\"https:\/\/www.hollyboot.de\/\" \/>\n<meta property=\"og:locale\" content=\"de_DE\" \/>\n<meta property=\"og:type\" content=\"article\" \/>\n<meta property=\"og:title\" content=\"Herzlich willkommen bei Hollyboot - Hollyboot Charter\" \/>\n<meta property=\"og:description\" content=\"Entdecken Sie das Dahme-Seenland! Machen Sie sich bereit f\u00fcr ein unvergessliches Abenteuer auf dem Wasser oder erkunden Sie das malerische Dahme-Seenland vom Ufer aus. Brandenburg ist ber\u00fchmt f\u00fcr seine atemberaubenden Seen und dichten Kiefernw\u00e4lder. Genie\u00dfen Sie die Freiheit und Flexibilit\u00e4t, die ein Urlaub auf einem Hausboot mit sich bringt. Und erleben Sie das Gef\u00fchl, \u00fcberall &hellip; prova &quot;Herzlich willkommen bei Hollyboot&quot;\" \/>\n<meta property=\"og:url\" content=\"https:\/\/www.hollyboot.de\/\" \/>\n<meta property=\"og:site_name\" content=\"Hollyboot Charter\" \/>\n<meta property=\"article:publisher\" content=\"https:\/\/www.facebook.com\/p\/Hollyboot-Charter-100054521408102\" \/>\n<meta property=\"article:modified_time\" content=\"2025-12-03T21:25:38+00:00\" \/>\n<meta property=\"og:image\" content=\"https:\/\/www.hollyboot.de\/wp-content\/uploads\/2025\/12\/hausboot_buchen.png\" \/>\n\t<meta property=\"og:image:width\" content=\"500\" \/>\n\t<meta property=\"og:image:height\" content=\"500\" \/>\n\t<meta property=\"og:image:type\" content=\"image\/png\" \/>\n<meta name=\"twitter:card\" content=\"summary_large_image\" \/>\n<meta name=\"twitter:label1\" content=\"Gesch\u00e4tzte Lesezeit\" \/>\n\t<meta name=\"twitter:data1\" content=\"1\u00a0Minute\" \/>\n<script type=\"application\/ld+json\" class=\"yoast-schema-graph\">{\"@context\":\"https:\\\/\\\/schema.org\",\"@graph\":[{\"@type\":\"WebPage\",\"@id\":\"https:\\\/\\\/www.hollyboot.de\\\/\",\"url\":\"https:\\\/\\\/www.hollyboot.de\\\/\",\"name\":\"Herzlich willkommen bei Hollyboot - Hollyboot Charter\",\"isPartOf\":{\"@id\":\"https:\\\/\\\/www.hollyboot.de\\\/#website\"},\"primaryImageOfPage\":{\"@id\":\"https:\\\/\\\/www.hollyboot.de\\\/#primaryimage\"},\"image\":{\"@id\":\"https:\\\/\\\/www.hollyboot.de\\\/#primaryimage\"},\"thumbnailUrl\":\"https:\\\/\\\/www.hollyboot.de\\\/wp-content\\\/uploads\\\/2025\\\/12\\\/hausboot_buchen-300x300.png\",\"datePublished\":\"2024-09-26T19:05:58+00:00\",\"dateModified\":\"2025-12-03T21:25:38+00:00\",\"breadcrumb\":{\"@id\":\"https:\\\/\\\/www.hollyboot.de\\\/#breadcrumb\"},\"inLanguage\":\"de\",\"potentialAction\":[{\"@type\":\"ReadAction\",\"target\":[\"https:\\\/\\\/www.hollyboot.de\\\/\"]}]},{\"@type\":\"ImageObject\",\"inLanguage\":\"de\",\"@id\":\"https:\\\/\\\/www.hollyboot.de\\\/#primaryimage\",\"url\":\"https:\\\/\\\/www.hollyboot.de\\\/wp-content\\\/uploads\\\/2025\\\/12\\\/hausboot_buchen.png\",\"contentUrl\":\"https:\\\/\\\/www.hollyboot.de\\\/wp-content\\\/uploads\\\/2025\\\/12\\\/hausboot_buchen.png\",\"width\":500,\"height\":500},{\"@type\":\"BreadcrumbList\",\"@id\":\"https:\\\/\\\/www.hollyboot.de\\\/#breadcrumb\",\"itemListElement\":[{\"@type\":\"ListItem\",\"position\":1,\"name\":\"Startseite\",\"item\":\"https:\\\/\\\/www.hollyboot.de\\\/\"},{\"@type\":\"ListItem\",\"position\":2,\"name\":\"Herzlich willkommen bei Hollyboot\"}]},{\"@type\":\"WebSite\",\"@id\":\"https:\\\/\\\/www.hollyboot.de\\\/#website\",\"url\":\"https:\\\/\\\/www.hollyboot.de\\\/\",\"name\":\"Hollyboot Charter\",\"description\":\"\",\"publisher\":{\"@id\":\"https:\\\/\\\/www.hollyboot.de\\\/#organization\"},\"potentialAction\":[{\"@type\":\"SearchAction\",\"target\":{\"@type\":\"EntryPoint\",\"urlTemplate\":\"https:\\\/\\\/www.hollyboot.de\\\/?s={search_term_string}\"},\"query-input\":{\"@type\":\"PropertyValueSpecification\",\"valueRequired\":true,\"valueName\":\"search_term_string\"}}],\"inLanguage\":\"de\"},{\"@type\":\"Organization\",\"@id\":\"https:\\\/\\\/www.hollyboot.de\\\/#organization\",\"name\":\"Hollyboot Charter\",\"url\":\"https:\\\/\\\/www.hollyboot.de\\\/\",\"logo\":{\"@type\":\"ImageObject\",\"inLanguage\":\"de\",\"@id\":\"https:\\\/\\\/www.hollyboot.de\\\/#\\\/schema\\\/logo\\\/image\\\/\",\"url\":\"https:\\\/\\\/www.hollyboot.de\\\/wp-content\\\/uploads\\\/2024\\\/09\\\/Logo_klein.png\",\"contentUrl\":\"https:\\\/\\\/www.hollyboot.de\\\/wp-content\\\/uploads\\\/2024\\\/09\\\/Logo_klein.png\",\"width\":250,\"height\":98,\"caption\":\"Hollyboot Charter\"},\"image\":{\"@id\":\"https:\\\/\\\/www.hollyboot.de\\\/#\\\/schema\\\/logo\\\/image\\\/\"},\"sameAs\":[\"https:\\\/\\\/www.facebook.com\\\/p\\\/Hollyboot-Charter-100054521408102\",\"https:\\\/\\\/www.instagram.com\\\/hollyboot.charter\"]}]}<\/script>\n<!-- \/ Yoast SEO plugin. -->","yoast_head_json":{"title":"Herzlich willkommen bei Hollyboot - Hollyboot Charter","robots":{"index":"index","follow":"follow","max-snippet":"max-snippet:-1","max-image-preview":"max-image-preview:large","max-video-preview":"max-video-preview:-1"},"canonical":"https:\/\/www.hollyboot.de\/","og_locale":"de_DE","og_type":"article","og_title":"Herzlich willkommen bei Hollyboot - Hollyboot Charter","og_description":"Entdecken Sie das Dahme-Seenland! Machen Sie sich bereit f\u00fcr ein unvergessliches Abenteuer auf dem Wasser oder erkunden Sie das malerische Dahme-Seenland vom Ufer aus. Brandenburg ist ber\u00fchmt f\u00fcr seine atemberaubenden Seen und dichten Kiefernw\u00e4lder. Genie\u00dfen Sie die Freiheit und Flexibilit\u00e4t, die ein Urlaub auf einem Hausboot mit sich bringt. Und erleben Sie das Gef\u00fchl, \u00fcberall &hellip; prova \"Herzlich willkommen bei Hollyboot\"","og_url":"https:\/\/www.hollyboot.de\/","og_site_name":"Hollyboot Charter","article_publisher":"https:\/\/www.facebook.com\/p\/Hollyboot-Charter-100054521408102","article_modified_time":"2025-12-03T21:25:38+00:00","og_image":[{"width":500,"height":500,"url":"https:\/\/www.hollyboot.de\/wp-content\/uploads\/2025\/12\/hausboot_buchen.png","type":"image\/png"}],"twitter_card":"summary_large_image","twitter_misc":{"Gesch\u00e4tzte Lesezeit":"1\u00a0Minute"},"schema":{"@context":"https:\/\/schema.org","@graph":[{"@type":"WebPage","@id":"https:\/\/www.hollyboot.de\/","url":"https:\/\/www.hollyboot.de\/","name":"Herzlich willkommen bei Hollyboot - Hollyboot Charter","isPartOf":{"@id":"https:\/\/www.hollyboot.de\/#website"},"primaryImageOfPage":{"@id":"https:\/\/www.hollyboot.de\/#primaryimage"},"image":{"@id":"https:\/\/www.hollyboot.de\/#primaryimage"},"thumbnailUrl":"https:\/\/www.hollyboot.de\/wp-content\/uploads\/2025\/12\/hausboot_buchen-300x300.png","datePublished":"2024-09-26T19:05:58+00:00","dateModified":"2025-12-03T21:25:38+00:00","breadcrumb":{"@id":"https:\/\/www.hollyboot.de\/#breadcrumb"},"inLanguage":"de","potentialAction":[{"@type":"ReadAction","target":["https:\/\/www.hollyboot.de\/"]}]},{"@type":"ImageObject","inLanguage":"de","@id":"https:\/\/www.hollyboot.de\/#primaryimage","url":"https:\/\/www.hollyboot.de\/wp-content\/uploads\/2025\/12\/hausboot_buchen.png","contentUrl":"https:\/\/www.hollyboot.de\/wp-content\/uploads\/2025\/12\/hausboot_buchen.png","width":500,"height":500},{"@type":"BreadcrumbList","@id":"https:\/\/www.hollyboot.de\/#breadcrumb","itemListElement":[{"@type":"ListItem","position":1,"name":"Startseite","item":"https:\/\/www.hollyboot.de\/"},{"@type":"ListItem","position":2,"name":"Herzlich willkommen bei Hollyboot"}]},{"@type":"WebSite","@id":"https:\/\/www.hollyboot.de\/#website","url":"https:\/\/www.hollyboot.de\/","name":"Hollyboot Charter","description":"","publisher":{"@id":"https:\/\/www.hollyboot.de\/#organization"},"potentialAction":[{"@type":"SearchAction","target":{"@type":"EntryPoint","urlTemplate":"https:\/\/www.hollyboot.de\/?s={search_term_string}"},"query-input":{"@type":"PropertyValueSpecification","valueRequired":true,"valueName":"search_term_string"}}],"inLanguage":"de"},{"@type":"Organization","@id":"https:\/\/www.hollyboot.de\/#organization","name":"Hollyboot Charter","url":"https:\/\/www.hollyboot.de\/","logo":{"@type":"ImageObject","inLanguage":"de","@id":"https:\/\/www.hollyboot.de\/#\/schema\/logo\/image\/","url":"https:\/\/www.hollyboot.de\/wp-content\/uploads\/2024\/09\/Logo_klein.png","contentUrl":"https:\/\/www.hollyboot.de\/wp-content\/uploads\/2024\/09\/Logo_klein.png","width":250,"height":98,"caption":"Hollyboot Charter"},"image":{"@id":"https:\/\/www.hollyboot.de\/#\/schema\/logo\/image\/"},"sameAs":["https:\/\/www.facebook.com\/p\/Hollyboot-Charter-100054521408102","https:\/\/www.instagram.com\/hollyboot.charter"]}]}},"_links":{"self":[{"href":"https:\/\/www.hollyboot.de\/index.php\/wp-json\/wp\/v2\/pages\/327","targetHints":{"allow":["GET"]}}],"collection":[{"href":"https:\/\/www.hollyboot.de\/index.php\/wp-json\/wp\/v2\/pages"}],"about":[{"href":"https:\/\/www.hollyboot.de\/index.php\/wp-json\/wp\/v2\/types\/page"}],"author":[{"embeddable":true,"href":"https:\/\/www.hollyboot.de\/index.php\/wp-json\/wp\/v2\/users\/1"}],"replies":[{"embeddable":true,"href":"https:\/\/www.hollyboot.de\/index.php\/wp-json\/wp\/v2\/comments?post=327"}],"version-history":[{"count":66,"href":"https:\/\/www.hollyboot.de\/index.php\/wp-json\/wp\/v2\/pages\/327\/revisions"}],"predecessor-version":[{"id":891,"href":"https:\/\/www.hollyboot.de\/index.php\/wp-json\/wp\/v2\/pages\/327\/revisions\/891"}],"wp:attachment":[{"href":"https:\/\/www.hollyboot.de\/index.php\/wp-json\/wp\/v2\/media?parent=327"}],"curies":[{"name":"wp","href":"https:\/\/api.w.org\/{rel}","templated":true}]}}