{"id":236,"date":"2024-09-13T16:20:13","date_gmt":"2024-09-13T16:20:13","guid":{"rendered":"https:\/\/web.hollyboot.de\/?page_id=236"},"modified":"2025-01-04T09:17:33","modified_gmt":"2025-01-04T08:17:33","slug":"impressum","status":"publish","type":"page","link":"https:\/\/www.hollyboot.de\/index.php\/impressum\/","title":{"rendered":"Impressum"},"content":{"rendered":"\n<h3 class=\"wp-block-heading\" id=\"1099921799\">Verantwortlich:<\/h3>\n\n\n\n<p><strong>Hollyboot Charter<\/strong><br>Holger Natschke<br>Chausseestr. 39a<br>15755 Teupitz (OT Egsdorf)<\/p>\n\n\n\n<p>Unternehmensform:&nbsp;Einzelunternehmen<br>Umsatzsteueridentifikationsnummer:&nbsp;DE184459286<\/p>\n\n\n\n<h3 class=\"wp-block-heading\" id=\"1669622938\">Kontakt:<\/h3>\n\n\n\n<p><strong>Hollyboot Charter<\/strong><br>Holger Natschke<br>Chausseestr. 39a<br>15755 Teupitz (OT Egsdorf)<br>Mail: info@hollyboot.de<br>Tel:&nbsp;+49 171 75 76 034<\/p>\n\n\n\n<p><strong>EU-Streitschlichtung<\/strong><\/p>\n\n\n\n<p>Die Europ\u00e4ische Kommission stellt eine Plattform zur Online-Streitbeilegung (OS) bereit:\u00a0<a href=\"https:\/\/ec.europa.eu\/consumers\/odr\/\" target=\"_blank\" rel=\"noreferrer noopener\">https:\/\/ec.europa.eu\/consumers\/odr\/<\/a>. Unsere E-Mail-Adresse finden Sie oben im Impressum.<\/p>\n\n\n\n<h4 class=\"wp-block-heading\">Verbraucher\u00adstreit\u00adbeilegung\/Universal\u00adschlichtungs\u00adstelle<\/h4>\n\n\n\n<p>Wir sind nicht bereit oder verpflichtet, an Streitbeilegungsverfahren vor einer Verbraucherschlichtungsstelle teilzunehmen.<\/p>\n\n\n\n<h3 class=\"wp-block-heading\">Haftungsausschluss (Disclaimer)<\/h3>\n\n\n\n<p><strong>Haftung f\u00fcr Inhalte<\/strong><br>Als Diensteanbieter sind wir gem\u00e4\u00df \u00a7 7 Abs.1 TMG f\u00fcr eigene Inhalte auf diesen Seiten nach den allgemeinen Gesetzen verantwortlich. Nach \u00a7\u00a7 8 bis 10 TMG sind wir als Diensteanbieter jedoch nicht verpflichtet, \u00fcbermittelte oder gespeicherte fremde Informationen zu \u00fcberwachen oder nach Umst\u00e4nden zu forschen, die auf eine rechtswidrige T\u00e4tigkeit hinweisen. Verpflichtungen zur Entfernung oder Sperrung der Nutzung von Informationen nach den allgemeinen Gesetzen bleiben hiervon unber\u00fchrt. Eine diesbez\u00fcgliche Haftung ist jedoch erst ab dem Zeitpunkt der Kenntnis einer konkreten Rechtsverletzung m\u00f6glich. Bei Bekanntwerden von entsprechenden Rechtsverletzungen werden wir diese Inhalte umgehend entfernen.<br><br><strong>Haftung f\u00fcr Links<\/strong><br>Unser Angebot enth\u00e4lt Links zu externen Webseiten Dritter, auf deren Inhalte wir keinen Einfluss haben. Deshalb k\u00f6nnen wir f\u00fcr diese fremden Inhalte auch keine Gew\u00e4hr \u00fcbernehmen. F\u00fcr die Inhalte der verlinkten Seiten ist stets der jeweilige Anbieter oder Betreiber der Seiten verantwortlich. Die verlinkten Seiten wurden zum Zeitpunkt der Verlinkung auf m\u00f6gliche Rechtsverst\u00f6\u00dfe \u00fcberpr\u00fcft. Rechtswidrige Inhalte waren zum Zeitpunkt der Verlinkung nicht erkennbar. Eine permanente inhaltliche Kontrolle der verlinkten Seiten ist jedoch ohne konkrete Anhaltspunkte einer Rechtsverletzung nicht zumutbar. Bei Bekanntwerden von Rechtsverletzungen werden wir derartige Links umgehend entfernen.<br><br><strong>Urheberrecht<\/strong><br>Die durch die Seitenbetreiber erstellten Inhalte und Werke auf diesen Seiten unterliegen dem deutschen Urheberrecht. Die Vervielf\u00e4ltigung, Bearbeitung, Verbreitung und jede Art der Verwertung au\u00dferhalb der Grenzen des Urheberrechtes bed\u00fcrfen der schriftlichen Zustimmung des jeweiligen Autors bzw. Erstellers. Downloads und Kopien dieser Seite sind nur f\u00fcr den privaten, nicht kommerziellen Gebrauch gestattet. Soweit die Inhalte auf dieser Seite nicht vom Betreiber erstellt wurden, werden die Urheberrechte Dritter beachtet. Insbesondere werden Inhalte Dritter als solche gekennzeichnet. Sollten Sie trotzdem auf eine Urheberrechtsverletzung aufmerksam werden, bitten wir um einen entsprechenden Hinweis. Bei Bekanntwerden von Rechtsverletzungen werden wir derartige Inhalte umgehend entfernen.<\/p>\n\n\n\n<div style=\"height:100px\" aria-hidden=\"true\" class=\"wp-block-spacer\"><\/div>\n\n\n<div class=\"wp-block-image\">\n<figure class=\"aligncenter size-full\"><img loading=\"lazy\" decoding=\"async\" width=\"250\" height=\"98\" src=\"https:\/\/www.hollyboot.de\/wp-content\/uploads\/2024\/09\/Logo_klein.png\" alt=\"\" class=\"wp-image-82\" srcset=\"https:\/\/www.hollyboot.de\/wp-content\/uploads\/2024\/09\/Logo_klein.png 250w, https:\/\/www.hollyboot.de\/wp-content\/uploads\/2024\/09\/Logo_klein-150x59.png 150w\" sizes=\"auto, (max-width: 250px) 100vw, 250px\" \/><\/figure>\n<\/div>\n\n\n<div style=\"height:45px\" aria-hidden=\"true\" class=\"wp-block-spacer\"><\/div>\n","protected":false},"excerpt":{"rendered":"<p>Verantwortlich: Hollyboot CharterHolger NatschkeChausseestr. 39a15755 Teupitz (OT Egsdorf) Unternehmensform:&nbsp;EinzelunternehmenUmsatzsteueridentifikationsnummer:&nbsp;DE184459286 Kontakt: Hollyboot CharterHolger NatschkeChausseestr. 39a15755 Teupitz (OT Egsdorf)Mail: info@hollyboot.deTel:&nbsp;+49 171 75 76 034 EU-Streitschlichtung Die Europ\u00e4ische Kommission stellt eine Plattform zur Online-Streitbeilegung (OS) bereit:\u00a0https:\/\/ec.europa.eu\/consumers\/odr\/. Unsere E-Mail-Adresse finden Sie oben im Impressum. Verbraucher\u00adstreit\u00adbeilegung\/Universal\u00adschlichtungs\u00adstelle Wir sind nicht bereit oder verpflichtet, an Streitbeilegungsverfahren vor einer Verbraucherschlichtungsstelle teilzunehmen. Haftungsausschluss (Disclaimer) &hellip; <\/p>\n<p class=\"link-more\"><a href=\"https:\/\/www.hollyboot.de\/index.php\/impressum\/\" class=\"more-link\"><span class=\"screen-reader-text\"> prova \"Impressum\"<\/span><\/a><\/p>\n","protected":false},"author":1,"featured_media":0,"parent":0,"menu_order":0,"comment_status":"closed","ping_status":"closed","template":"","meta":{"footnotes":""},"class_list":["post-236","page","type-page","status-publish","hentry"],"yoast_head":"<!-- This site is optimized with the Yoast SEO plugin v27.5 - https:\/\/yoast.com\/product\/yoast-seo-wordpress\/ -->\n<title>Impressum - Hollyboot Charter<\/title>\n<meta name=\"description\" content=\"Impressum, rechtlich notwendige Information zur unserem Internetauftritt.\" \/>\n<meta name=\"robots\" content=\"index, follow, max-snippet:-1, max-image-preview:large, max-video-preview:-1\" \/>\n<link rel=\"canonical\" href=\"https:\/\/www.hollyboot.de\/index.php\/impressum\/\" \/>\n<meta property=\"og:locale\" content=\"de_DE\" \/>\n<meta property=\"og:type\" content=\"article\" \/>\n<meta property=\"og:title\" content=\"Impressum - Hollyboot Charter\" \/>\n<meta property=\"og:description\" content=\"Impressum, rechtlich notwendige Information zur unserem Internetauftritt.\" \/>\n<meta property=\"og:url\" content=\"https:\/\/www.hollyboot.de\/index.php\/impressum\/\" \/>\n<meta property=\"og:site_name\" content=\"Hollyboot Charter\" \/>\n<meta property=\"article:publisher\" content=\"https:\/\/www.facebook.com\/p\/Hollyboot-Charter-100054521408102\" \/>\n<meta property=\"article:modified_time\" content=\"2025-01-04T08:17:33+00:00\" \/>\n<meta property=\"og:image\" content=\"https:\/\/www.hollyboot.de\/wp-content\/uploads\/2024\/09\/Logo_klein.png\" \/>\n\t<meta property=\"og:image:width\" content=\"250\" \/>\n\t<meta property=\"og:image:height\" content=\"98\" \/>\n\t<meta property=\"og:image:type\" content=\"image\/png\" \/>\n<meta name=\"twitter:card\" content=\"summary_large_image\" \/>\n<meta name=\"twitter:label1\" content=\"Gesch\u00e4tzte Lesezeit\" \/>\n\t<meta name=\"twitter:data1\" content=\"3\u00a0Minuten\" \/>\n<script type=\"application\/ld+json\" class=\"yoast-schema-graph\">{\"@context\":\"https:\\\/\\\/schema.org\",\"@graph\":[{\"@type\":\"WebPage\",\"@id\":\"https:\\\/\\\/www.hollyboot.de\\\/index.php\\\/impressum\\\/\",\"url\":\"https:\\\/\\\/www.hollyboot.de\\\/index.php\\\/impressum\\\/\",\"name\":\"Impressum - Hollyboot Charter\",\"isPartOf\":{\"@id\":\"https:\\\/\\\/www.hollyboot.de\\\/#website\"},\"primaryImageOfPage\":{\"@id\":\"https:\\\/\\\/www.hollyboot.de\\\/index.php\\\/impressum\\\/#primaryimage\"},\"image\":{\"@id\":\"https:\\\/\\\/www.hollyboot.de\\\/index.php\\\/impressum\\\/#primaryimage\"},\"thumbnailUrl\":\"https:\\\/\\\/www.hollyboot.de\\\/wp-content\\\/uploads\\\/2024\\\/09\\\/Logo_klein.png\",\"datePublished\":\"2024-09-13T16:20:13+00:00\",\"dateModified\":\"2025-01-04T08:17:33+00:00\",\"description\":\"Impressum, rechtlich notwendige Information zur unserem Internetauftritt.\",\"breadcrumb\":{\"@id\":\"https:\\\/\\\/www.hollyboot.de\\\/index.php\\\/impressum\\\/#breadcrumb\"},\"inLanguage\":\"de\",\"potentialAction\":[{\"@type\":\"ReadAction\",\"target\":[\"https:\\\/\\\/www.hollyboot.de\\\/index.php\\\/impressum\\\/\"]}]},{\"@type\":\"ImageObject\",\"inLanguage\":\"de\",\"@id\":\"https:\\\/\\\/www.hollyboot.de\\\/index.php\\\/impressum\\\/#primaryimage\",\"url\":\"https:\\\/\\\/www.hollyboot.de\\\/wp-content\\\/uploads\\\/2024\\\/09\\\/Logo_klein.png\",\"contentUrl\":\"https:\\\/\\\/www.hollyboot.de\\\/wp-content\\\/uploads\\\/2024\\\/09\\\/Logo_klein.png\",\"width\":250,\"height\":98},{\"@type\":\"BreadcrumbList\",\"@id\":\"https:\\\/\\\/www.hollyboot.de\\\/index.php\\\/impressum\\\/#breadcrumb\",\"itemListElement\":[{\"@type\":\"ListItem\",\"position\":1,\"name\":\"Startseite\",\"item\":\"https:\\\/\\\/www.hollyboot.de\\\/\"},{\"@type\":\"ListItem\",\"position\":2,\"name\":\"Impressum\"}]},{\"@type\":\"WebSite\",\"@id\":\"https:\\\/\\\/www.hollyboot.de\\\/#website\",\"url\":\"https:\\\/\\\/www.hollyboot.de\\\/\",\"name\":\"Hollyboot Charter\",\"description\":\"\",\"publisher\":{\"@id\":\"https:\\\/\\\/www.hollyboot.de\\\/#organization\"},\"potentialAction\":[{\"@type\":\"SearchAction\",\"target\":{\"@type\":\"EntryPoint\",\"urlTemplate\":\"https:\\\/\\\/www.hollyboot.de\\\/?s={search_term_string}\"},\"query-input\":{\"@type\":\"PropertyValueSpecification\",\"valueRequired\":true,\"valueName\":\"search_term_string\"}}],\"inLanguage\":\"de\"},{\"@type\":\"Organization\",\"@id\":\"https:\\\/\\\/www.hollyboot.de\\\/#organization\",\"name\":\"Hollyboot Charter\",\"url\":\"https:\\\/\\\/www.hollyboot.de\\\/\",\"logo\":{\"@type\":\"ImageObject\",\"inLanguage\":\"de\",\"@id\":\"https:\\\/\\\/www.hollyboot.de\\\/#\\\/schema\\\/logo\\\/image\\\/\",\"url\":\"https:\\\/\\\/www.hollyboot.de\\\/wp-content\\\/uploads\\\/2024\\\/09\\\/Logo_klein.png\",\"contentUrl\":\"https:\\\/\\\/www.hollyboot.de\\\/wp-content\\\/uploads\\\/2024\\\/09\\\/Logo_klein.png\",\"width\":250,\"height\":98,\"caption\":\"Hollyboot Charter\"},\"image\":{\"@id\":\"https:\\\/\\\/www.hollyboot.de\\\/#\\\/schema\\\/logo\\\/image\\\/\"},\"sameAs\":[\"https:\\\/\\\/www.facebook.com\\\/p\\\/Hollyboot-Charter-100054521408102\",\"https:\\\/\\\/www.instagram.com\\\/hollyboot.charter\"]}]}<\/script>\n<!-- \/ Yoast SEO plugin. -->","yoast_head_json":{"title":"Impressum - Hollyboot Charter","description":"Impressum, rechtlich notwendige Information zur unserem Internetauftritt.","robots":{"index":"index","follow":"follow","max-snippet":"max-snippet:-1","max-image-preview":"max-image-preview:large","max-video-preview":"max-video-preview:-1"},"canonical":"https:\/\/www.hollyboot.de\/index.php\/impressum\/","og_locale":"de_DE","og_type":"article","og_title":"Impressum - Hollyboot Charter","og_description":"Impressum, rechtlich notwendige Information zur unserem Internetauftritt.","og_url":"https:\/\/www.hollyboot.de\/index.php\/impressum\/","og_site_name":"Hollyboot Charter","article_publisher":"https:\/\/www.facebook.com\/p\/Hollyboot-Charter-100054521408102","article_modified_time":"2025-01-04T08:17:33+00:00","og_image":[{"width":250,"height":98,"url":"https:\/\/www.hollyboot.de\/wp-content\/uploads\/2024\/09\/Logo_klein.png","type":"image\/png"}],"twitter_card":"summary_large_image","twitter_misc":{"Gesch\u00e4tzte Lesezeit":"3\u00a0Minuten"},"schema":{"@context":"https:\/\/schema.org","@graph":[{"@type":"WebPage","@id":"https:\/\/www.hollyboot.de\/index.php\/impressum\/","url":"https:\/\/www.hollyboot.de\/index.php\/impressum\/","name":"Impressum - Hollyboot Charter","isPartOf":{"@id":"https:\/\/www.hollyboot.de\/#website"},"primaryImageOfPage":{"@id":"https:\/\/www.hollyboot.de\/index.php\/impressum\/#primaryimage"},"image":{"@id":"https:\/\/www.hollyboot.de\/index.php\/impressum\/#primaryimage"},"thumbnailUrl":"https:\/\/www.hollyboot.de\/wp-content\/uploads\/2024\/09\/Logo_klein.png","datePublished":"2024-09-13T16:20:13+00:00","dateModified":"2025-01-04T08:17:33+00:00","description":"Impressum, rechtlich notwendige Information zur unserem Internetauftritt.","breadcrumb":{"@id":"https:\/\/www.hollyboot.de\/index.php\/impressum\/#breadcrumb"},"inLanguage":"de","potentialAction":[{"@type":"ReadAction","target":["https:\/\/www.hollyboot.de\/index.php\/impressum\/"]}]},{"@type":"ImageObject","inLanguage":"de","@id":"https:\/\/www.hollyboot.de\/index.php\/impressum\/#primaryimage","url":"https:\/\/www.hollyboot.de\/wp-content\/uploads\/2024\/09\/Logo_klein.png","contentUrl":"https:\/\/www.hollyboot.de\/wp-content\/uploads\/2024\/09\/Logo_klein.png","width":250,"height":98},{"@type":"BreadcrumbList","@id":"https:\/\/www.hollyboot.de\/index.php\/impressum\/#breadcrumb","itemListElement":[{"@type":"ListItem","position":1,"name":"Startseite","item":"https:\/\/www.hollyboot.de\/"},{"@type":"ListItem","position":2,"name":"Impressum"}]},{"@type":"WebSite","@id":"https:\/\/www.hollyboot.de\/#website","url":"https:\/\/www.hollyboot.de\/","name":"Hollyboot Charter","description":"","publisher":{"@id":"https:\/\/www.hollyboot.de\/#organization"},"potentialAction":[{"@type":"SearchAction","target":{"@type":"EntryPoint","urlTemplate":"https:\/\/www.hollyboot.de\/?s={search_term_string}"},"query-input":{"@type":"PropertyValueSpecification","valueRequired":true,"valueName":"search_term_string"}}],"inLanguage":"de"},{"@type":"Organization","@id":"https:\/\/www.hollyboot.de\/#organization","name":"Hollyboot Charter","url":"https:\/\/www.hollyboot.de\/","logo":{"@type":"ImageObject","inLanguage":"de","@id":"https:\/\/www.hollyboot.de\/#\/schema\/logo\/image\/","url":"https:\/\/www.hollyboot.de\/wp-content\/uploads\/2024\/09\/Logo_klein.png","contentUrl":"https:\/\/www.hollyboot.de\/wp-content\/uploads\/2024\/09\/Logo_klein.png","width":250,"height":98,"caption":"Hollyboot Charter"},"image":{"@id":"https:\/\/www.hollyboot.de\/#\/schema\/logo\/image\/"},"sameAs":["https:\/\/www.facebook.com\/p\/Hollyboot-Charter-100054521408102","https:\/\/www.instagram.com\/hollyboot.charter"]}]}},"_links":{"self":[{"href":"https:\/\/www.hollyboot.de\/index.php\/wp-json\/wp\/v2\/pages\/236","targetHints":{"allow":["GET"]}}],"collection":[{"href":"https:\/\/www.hollyboot.de\/index.php\/wp-json\/wp\/v2\/pages"}],"about":[{"href":"https:\/\/www.hollyboot.de\/index.php\/wp-json\/wp\/v2\/types\/page"}],"author":[{"embeddable":true,"href":"https:\/\/www.hollyboot.de\/index.php\/wp-json\/wp\/v2\/users\/1"}],"replies":[{"embeddable":true,"href":"https:\/\/www.hollyboot.de\/index.php\/wp-json\/wp\/v2\/comments?post=236"}],"version-history":[{"count":4,"href":"https:\/\/www.hollyboot.de\/index.php\/wp-json\/wp\/v2\/pages\/236\/revisions"}],"predecessor-version":[{"id":692,"href":"https:\/\/www.hollyboot.de\/index.php\/wp-json\/wp\/v2\/pages\/236\/revisions\/692"}],"wp:attachment":[{"href":"https:\/\/www.hollyboot.de\/index.php\/wp-json\/wp\/v2\/media?parent=236"}],"curies":[{"name":"wp","href":"https:\/\/api.w.org\/{rel}","templated":true}]}}