{"id":18,"date":"2024-09-09T17:31:35","date_gmt":"2024-09-09T17:31:35","guid":{"rendered":"https:\/\/web.hollyboot.de\/index.php\/about-us\/"},"modified":"2024-12-30T17:33:13","modified_gmt":"2024-12-30T17:33:13","slug":"about-us","status":"publish","type":"page","link":"https:\/\/www.hollyboot.de\/index.php\/about-us\/","title":{"rendered":"\u00dcber uns"},"content":{"rendered":"\n<div class=\"wp-block-columns are-vertically-aligned-top is-layout-flex wp-container-core-columns-is-layout-9d6595d7 wp-block-columns-is-layout-flex\">\n<div class=\"wp-block-column is-vertically-aligned-top is-layout-flow wp-block-column-is-layout-flow\"><div class=\"wp-block-image is-style-rounded\">\n<figure class=\"aligncenter size-full is-resized\"><img loading=\"lazy\" decoding=\"async\" width=\"240\" height=\"240\" src=\"https:\/\/www.hollyboot.de\/wp-content\/uploads\/2024\/09\/hundh.jpeg.webp\" alt=\"\" class=\"wp-image-223\" style=\"width:348px;height:auto\" srcset=\"https:\/\/www.hollyboot.de\/wp-content\/uploads\/2024\/09\/hundh.jpeg.webp 240w, https:\/\/www.hollyboot.de\/wp-content\/uploads\/2024\/09\/hundh.jpeg-150x150.webp 150w\" sizes=\"auto, (max-width: 240px) 100vw, 240px\" \/><\/figure>\n<\/div><\/div>\n\n\n\n<div class=\"wp-block-column is-vertically-aligned-top is-layout-flow wp-block-column-is-layout-flow\">\n<p>Wir sind Heike und Holger \u2013 und unser kleines Paradies im Dahme-Seenland ist die Erf\u00fcllung eines lang gehegten Traums. Vor \u00fcber zwei Jahrzehnten fassten wir den mutigen Entschluss, uns ein Zuhause direkt am Wasser zu schaffen. Ein Ort, an dem unsere Liebe zur Natur und zum Leben am Ufer ihre Wurzeln schlagen konnte.&nbsp;<\/p>\n\n\n\n<p>Unser Gl\u00fcck und unsere Leidenschaft zu teilen, war f\u00fcr uns ein Herzenswunsch. Mit unseren Hausbooten bieten wir G\u00e4sten die M\u00f6glichkeit, nicht nur am Wasser zu sein, sondern direkt darauf zu leben. Es ist eine einzigartige Erfahrung, die Natur so nah und intensiv zu sp\u00fcren \u2013 ein Leben im Einklang mit den Wellen und der Landschaft.<\/p>\n\n\n\n<p>Uns erf\u00fcllt es mit gro\u00dfer Freude, zu sehen, wie unsere G\u00e4ste hier zur Ruhe finden, im Sonnenuntergang schwelgen und mit einem zufriedenen L\u00e4cheln zur\u00fcckkehren. Aus vielen spontanen Besuchen sind im Laufe der Jahre echte Freundschaften entstanden. Genau diese herzliche, pers\u00f6nliche Atmosph\u00e4re macht unser kleines Paradies im Dahme-Seenland so besonders. Wir laden Sie herzlich ein, diese Magie selbst zu erleben.<\/p>\n\n\n\n<figure class=\"wp-block-image size-full\"><img loading=\"lazy\" decoding=\"async\" width=\"385\" height=\"169\" src=\"https:\/\/www.hollyboot.de\/wp-content\/uploads\/2024\/09\/signature.png\" alt=\"\" class=\"wp-image-254\" srcset=\"https:\/\/www.hollyboot.de\/wp-content\/uploads\/2024\/09\/signature.png 385w, https:\/\/www.hollyboot.de\/wp-content\/uploads\/2024\/09\/signature-300x132.png 300w, https:\/\/www.hollyboot.de\/wp-content\/uploads\/2024\/09\/signature-250x110.png 250w, https:\/\/www.hollyboot.de\/wp-content\/uploads\/2024\/09\/signature-150x66.png 150w\" sizes=\"auto, (max-width: 385px) 100vw, 385px\" \/><\/figure>\n<\/div>\n<\/div>\n\n\n\n<div style=\"height:59px\" aria-hidden=\"true\" class=\"wp-block-spacer\"><\/div>\n","protected":false},"excerpt":{"rendered":"<p>Wir sind Heike und Holger \u2013 und unser kleines Paradies im Dahme-Seenland ist die Erf\u00fcllung eines lang gehegten Traums. Vor \u00fcber zwei Jahrzehnten fassten wir den mutigen Entschluss, uns ein Zuhause direkt am Wasser zu schaffen. Ein Ort, an dem unsere Liebe zur Natur und zum Leben am Ufer ihre Wurzeln schlagen konnte.&nbsp; Unser Gl\u00fcck &hellip; <\/p>\n<p class=\"link-more\"><a href=\"https:\/\/www.hollyboot.de\/index.php\/about-us\/\" class=\"more-link\"><span class=\"screen-reader-text\"> prova \"\u00dcber uns\"<\/span><\/a><\/p>\n","protected":false},"author":1,"featured_media":0,"parent":0,"menu_order":0,"comment_status":"closed","ping_status":"closed","template":"page-templates\/page-about.php","meta":{"footnotes":""},"class_list":["post-18","page","type-page","status-publish","hentry"],"yoast_head":"<!-- This site is optimized with the Yoast SEO plugin v27.5 - https:\/\/yoast.com\/product\/yoast-seo-wordpress\/ -->\n<title>\u00dcber uns - Hollyboot Charter<\/title>\n<meta name=\"robots\" content=\"index, follow, max-snippet:-1, max-image-preview:large, max-video-preview:-1\" \/>\n<link rel=\"canonical\" href=\"https:\/\/www.hollyboot.de\/index.php\/about-us\/\" \/>\n<meta property=\"og:locale\" content=\"de_DE\" \/>\n<meta property=\"og:type\" content=\"article\" \/>\n<meta property=\"og:title\" content=\"\u00dcber uns - Hollyboot Charter\" \/>\n<meta property=\"og:description\" content=\"Wir sind Heike und Holger \u2013 und unser kleines Paradies im Dahme-Seenland ist die Erf\u00fcllung eines lang gehegten Traums. Vor \u00fcber zwei Jahrzehnten fassten wir den mutigen Entschluss, uns ein Zuhause direkt am Wasser zu schaffen. Ein Ort, an dem unsere Liebe zur Natur und zum Leben am Ufer ihre Wurzeln schlagen konnte.&nbsp; Unser Gl\u00fcck &hellip; prova &quot;\u00dcber uns&quot;\" \/>\n<meta property=\"og:url\" content=\"https:\/\/www.hollyboot.de\/index.php\/about-us\/\" \/>\n<meta property=\"og:site_name\" content=\"Hollyboot Charter\" \/>\n<meta property=\"article:publisher\" content=\"https:\/\/www.facebook.com\/p\/Hollyboot-Charter-100054521408102\" \/>\n<meta property=\"article:modified_time\" content=\"2024-12-30T17:33:13+00:00\" \/>\n<meta property=\"og:image\" content=\"https:\/\/www.hollyboot.de\/wp-content\/uploads\/2024\/09\/hundh.jpeg.webp\" \/>\n\t<meta property=\"og:image:width\" content=\"240\" \/>\n\t<meta property=\"og:image:height\" content=\"240\" \/>\n\t<meta property=\"og:image:type\" content=\"image\/webp\" \/>\n<meta name=\"twitter:card\" content=\"summary_large_image\" \/>\n<meta name=\"twitter:label1\" content=\"Gesch\u00e4tzte Lesezeit\" \/>\n\t<meta name=\"twitter:data1\" content=\"1\u00a0Minute\" \/>\n<script type=\"application\/ld+json\" class=\"yoast-schema-graph\">{\"@context\":\"https:\\\/\\\/schema.org\",\"@graph\":[{\"@type\":\"WebPage\",\"@id\":\"https:\\\/\\\/www.hollyboot.de\\\/index.php\\\/about-us\\\/\",\"url\":\"https:\\\/\\\/www.hollyboot.de\\\/index.php\\\/about-us\\\/\",\"name\":\"\u00dcber uns - Hollyboot Charter\",\"isPartOf\":{\"@id\":\"https:\\\/\\\/www.hollyboot.de\\\/#website\"},\"primaryImageOfPage\":{\"@id\":\"https:\\\/\\\/www.hollyboot.de\\\/index.php\\\/about-us\\\/#primaryimage\"},\"image\":{\"@id\":\"https:\\\/\\\/www.hollyboot.de\\\/index.php\\\/about-us\\\/#primaryimage\"},\"thumbnailUrl\":\"https:\\\/\\\/www.hollyboot.de\\\/wp-content\\\/uploads\\\/2024\\\/09\\\/hundh.jpeg.webp\",\"datePublished\":\"2024-09-09T17:31:35+00:00\",\"dateModified\":\"2024-12-30T17:33:13+00:00\",\"breadcrumb\":{\"@id\":\"https:\\\/\\\/www.hollyboot.de\\\/index.php\\\/about-us\\\/#breadcrumb\"},\"inLanguage\":\"de\",\"potentialAction\":[{\"@type\":\"ReadAction\",\"target\":[\"https:\\\/\\\/www.hollyboot.de\\\/index.php\\\/about-us\\\/\"]}]},{\"@type\":\"ImageObject\",\"inLanguage\":\"de\",\"@id\":\"https:\\\/\\\/www.hollyboot.de\\\/index.php\\\/about-us\\\/#primaryimage\",\"url\":\"https:\\\/\\\/www.hollyboot.de\\\/wp-content\\\/uploads\\\/2024\\\/09\\\/hundh.jpeg.webp\",\"contentUrl\":\"https:\\\/\\\/www.hollyboot.de\\\/wp-content\\\/uploads\\\/2024\\\/09\\\/hundh.jpeg.webp\",\"width\":240,\"height\":240},{\"@type\":\"BreadcrumbList\",\"@id\":\"https:\\\/\\\/www.hollyboot.de\\\/index.php\\\/about-us\\\/#breadcrumb\",\"itemListElement\":[{\"@type\":\"ListItem\",\"position\":1,\"name\":\"Startseite\",\"item\":\"https:\\\/\\\/www.hollyboot.de\\\/\"},{\"@type\":\"ListItem\",\"position\":2,\"name\":\"\u00dcber uns\"}]},{\"@type\":\"WebSite\",\"@id\":\"https:\\\/\\\/www.hollyboot.de\\\/#website\",\"url\":\"https:\\\/\\\/www.hollyboot.de\\\/\",\"name\":\"Hollyboot Charter\",\"description\":\"\",\"publisher\":{\"@id\":\"https:\\\/\\\/www.hollyboot.de\\\/#organization\"},\"potentialAction\":[{\"@type\":\"SearchAction\",\"target\":{\"@type\":\"EntryPoint\",\"urlTemplate\":\"https:\\\/\\\/www.hollyboot.de\\\/?s={search_term_string}\"},\"query-input\":{\"@type\":\"PropertyValueSpecification\",\"valueRequired\":true,\"valueName\":\"search_term_string\"}}],\"inLanguage\":\"de\"},{\"@type\":\"Organization\",\"@id\":\"https:\\\/\\\/www.hollyboot.de\\\/#organization\",\"name\":\"Hollyboot Charter\",\"url\":\"https:\\\/\\\/www.hollyboot.de\\\/\",\"logo\":{\"@type\":\"ImageObject\",\"inLanguage\":\"de\",\"@id\":\"https:\\\/\\\/www.hollyboot.de\\\/#\\\/schema\\\/logo\\\/image\\\/\",\"url\":\"https:\\\/\\\/www.hollyboot.de\\\/wp-content\\\/uploads\\\/2024\\\/09\\\/Logo_klein.png\",\"contentUrl\":\"https:\\\/\\\/www.hollyboot.de\\\/wp-content\\\/uploads\\\/2024\\\/09\\\/Logo_klein.png\",\"width\":250,\"height\":98,\"caption\":\"Hollyboot Charter\"},\"image\":{\"@id\":\"https:\\\/\\\/www.hollyboot.de\\\/#\\\/schema\\\/logo\\\/image\\\/\"},\"sameAs\":[\"https:\\\/\\\/www.facebook.com\\\/p\\\/Hollyboot-Charter-100054521408102\",\"https:\\\/\\\/www.instagram.com\\\/hollyboot.charter\"]}]}<\/script>\n<!-- \/ Yoast SEO plugin. -->","yoast_head_json":{"title":"\u00dcber uns - Hollyboot Charter","robots":{"index":"index","follow":"follow","max-snippet":"max-snippet:-1","max-image-preview":"max-image-preview:large","max-video-preview":"max-video-preview:-1"},"canonical":"https:\/\/www.hollyboot.de\/index.php\/about-us\/","og_locale":"de_DE","og_type":"article","og_title":"\u00dcber uns - Hollyboot Charter","og_description":"Wir sind Heike und Holger \u2013 und unser kleines Paradies im Dahme-Seenland ist die Erf\u00fcllung eines lang gehegten Traums. Vor \u00fcber zwei Jahrzehnten fassten wir den mutigen Entschluss, uns ein Zuhause direkt am Wasser zu schaffen. Ein Ort, an dem unsere Liebe zur Natur und zum Leben am Ufer ihre Wurzeln schlagen konnte.&nbsp; Unser Gl\u00fcck &hellip; prova \"\u00dcber uns\"","og_url":"https:\/\/www.hollyboot.de\/index.php\/about-us\/","og_site_name":"Hollyboot Charter","article_publisher":"https:\/\/www.facebook.com\/p\/Hollyboot-Charter-100054521408102","article_modified_time":"2024-12-30T17:33:13+00:00","og_image":[{"width":240,"height":240,"url":"https:\/\/www.hollyboot.de\/wp-content\/uploads\/2024\/09\/hundh.jpeg.webp","type":"image\/webp"}],"twitter_card":"summary_large_image","twitter_misc":{"Gesch\u00e4tzte Lesezeit":"1\u00a0Minute"},"schema":{"@context":"https:\/\/schema.org","@graph":[{"@type":"WebPage","@id":"https:\/\/www.hollyboot.de\/index.php\/about-us\/","url":"https:\/\/www.hollyboot.de\/index.php\/about-us\/","name":"\u00dcber uns - Hollyboot Charter","isPartOf":{"@id":"https:\/\/www.hollyboot.de\/#website"},"primaryImageOfPage":{"@id":"https:\/\/www.hollyboot.de\/index.php\/about-us\/#primaryimage"},"image":{"@id":"https:\/\/www.hollyboot.de\/index.php\/about-us\/#primaryimage"},"thumbnailUrl":"https:\/\/www.hollyboot.de\/wp-content\/uploads\/2024\/09\/hundh.jpeg.webp","datePublished":"2024-09-09T17:31:35+00:00","dateModified":"2024-12-30T17:33:13+00:00","breadcrumb":{"@id":"https:\/\/www.hollyboot.de\/index.php\/about-us\/#breadcrumb"},"inLanguage":"de","potentialAction":[{"@type":"ReadAction","target":["https:\/\/www.hollyboot.de\/index.php\/about-us\/"]}]},{"@type":"ImageObject","inLanguage":"de","@id":"https:\/\/www.hollyboot.de\/index.php\/about-us\/#primaryimage","url":"https:\/\/www.hollyboot.de\/wp-content\/uploads\/2024\/09\/hundh.jpeg.webp","contentUrl":"https:\/\/www.hollyboot.de\/wp-content\/uploads\/2024\/09\/hundh.jpeg.webp","width":240,"height":240},{"@type":"BreadcrumbList","@id":"https:\/\/www.hollyboot.de\/index.php\/about-us\/#breadcrumb","itemListElement":[{"@type":"ListItem","position":1,"name":"Startseite","item":"https:\/\/www.hollyboot.de\/"},{"@type":"ListItem","position":2,"name":"\u00dcber uns"}]},{"@type":"WebSite","@id":"https:\/\/www.hollyboot.de\/#website","url":"https:\/\/www.hollyboot.de\/","name":"Hollyboot Charter","description":"","publisher":{"@id":"https:\/\/www.hollyboot.de\/#organization"},"potentialAction":[{"@type":"SearchAction","target":{"@type":"EntryPoint","urlTemplate":"https:\/\/www.hollyboot.de\/?s={search_term_string}"},"query-input":{"@type":"PropertyValueSpecification","valueRequired":true,"valueName":"search_term_string"}}],"inLanguage":"de"},{"@type":"Organization","@id":"https:\/\/www.hollyboot.de\/#organization","name":"Hollyboot Charter","url":"https:\/\/www.hollyboot.de\/","logo":{"@type":"ImageObject","inLanguage":"de","@id":"https:\/\/www.hollyboot.de\/#\/schema\/logo\/image\/","url":"https:\/\/www.hollyboot.de\/wp-content\/uploads\/2024\/09\/Logo_klein.png","contentUrl":"https:\/\/www.hollyboot.de\/wp-content\/uploads\/2024\/09\/Logo_klein.png","width":250,"height":98,"caption":"Hollyboot Charter"},"image":{"@id":"https:\/\/www.hollyboot.de\/#\/schema\/logo\/image\/"},"sameAs":["https:\/\/www.facebook.com\/p\/Hollyboot-Charter-100054521408102","https:\/\/www.instagram.com\/hollyboot.charter"]}]}},"_links":{"self":[{"href":"https:\/\/www.hollyboot.de\/index.php\/wp-json\/wp\/v2\/pages\/18","targetHints":{"allow":["GET"]}}],"collection":[{"href":"https:\/\/www.hollyboot.de\/index.php\/wp-json\/wp\/v2\/pages"}],"about":[{"href":"https:\/\/www.hollyboot.de\/index.php\/wp-json\/wp\/v2\/types\/page"}],"author":[{"embeddable":true,"href":"https:\/\/www.hollyboot.de\/index.php\/wp-json\/wp\/v2\/users\/1"}],"replies":[{"embeddable":true,"href":"https:\/\/www.hollyboot.de\/index.php\/wp-json\/wp\/v2\/comments?post=18"}],"version-history":[{"count":19,"href":"https:\/\/www.hollyboot.de\/index.php\/wp-json\/wp\/v2\/pages\/18\/revisions"}],"predecessor-version":[{"id":596,"href":"https:\/\/www.hollyboot.de\/index.php\/wp-json\/wp\/v2\/pages\/18\/revisions\/596"}],"wp:attachment":[{"href":"https:\/\/www.hollyboot.de\/index.php\/wp-json\/wp\/v2\/media?parent=18"}],"curies":[{"name":"wp","href":"https:\/\/api.w.org\/{rel}","templated":true}]}}