{"id":155,"date":"2024-09-13T07:23:06","date_gmt":"2024-09-13T07:23:06","guid":{"rendered":"https:\/\/web.hollyboot.de\/?page_id=155"},"modified":"2025-06-12T09:29:22","modified_gmt":"2025-06-12T08:29:22","slug":"gut-zu-wissen","status":"publish","type":"page","link":"https:\/\/www.hollyboot.de\/index.php\/gut-zu-wissen\/","title":{"rendered":"Gut zu wissen..."},"content":{"rendered":"\n<p>Hier haben wir die Antworten auf die h\u00e4ufigsten Fragen f\u00fcr Sie zusammengestellt. Sollten wir etwas vergessen haben, oder Sie eine Frage haben die hier nicht beantwortet wurde, dann nutzen Sie bitte unser <a href=\"https:\/\/www.hollyboot.de\/index.php\/contact-us\/\" data-type=\"page\" data-id=\"31\">Kontaktformular<\/a> oder rufen Sie uns gerne an. Wir freuen uns auf Ihren Anruf!.<\/p>\n\n\n\n<div style=\"height:49px\" aria-hidden=\"true\" class=\"wp-block-spacer\"><\/div>\n\n\n\n<p><\/p>\n\n\n<div class=\"lightweight-accordion\"><details><summary class=\"lightweight-accordion-title\"><span><strong>Angeln<\/strong><\/span><\/summary><div class=\"lightweight-accordion-body\">\n\n<p>Das Angeln von den Booten ist gestattet, wenn Sie die jeweils g\u00fcltigen Vorschriften beachten. Die frisch gefangenen Fische machen Sie bitte drau\u00dfen sauber. S\u00e4mtliche Angelreste sind vom Boot zu entfernen. Angelkarten f\u00fcr Fischereischeininhaber und Touristen k\u00f6nnen f\u00fcr den Bereich Teupitzsee bis Zugbr\u00fccke Gro\u00df K\u00f6ris k\u00e4uflich unter der folgenden Adresse erworben werden:<\/p>\n\n\n\n<p>Connys Hauswaren<br>Berliner Stra\u00dfe 27<br>15746 Gro\u00df K\u00f6ris<\/p>\n\n<\/div><\/details><\/div>\n\n<div class=\"lightweight-accordion\"><details><summary class=\"lightweight-accordion-title\"><span><strong>Bettzeug<\/strong><\/span><\/summary><div class=\"lightweight-accordion-body\">\n\n<p>Bettw\u00e4sche (Kopfkissen, Decken, Laken) ist durch den Charterer mitzubringen, alternativ ist ein Schlafsack ausreichend. Bei den Festliegern stellen wir Handt\u00fccher und Bettw\u00e4sche bereit.<br><br><br><\/p>\n\n<\/div><\/details><\/div>\n\n<div class=\"lightweight-accordion\"><details><summary class=\"lightweight-accordion-title\"><span><strong>Bootsf\u00fchrerscheinfreiheit<\/strong><\/span><\/summary><div class=\"lightweight-accordion-body\">\n\n<p>Unsere Hollyboote k\u00f6nnen alle f\u00fchrerscheinfrei gefahren werden. Bei der \u00dcbernahme gibt es eine ausf\u00fchrliche Einweisung und nat\u00fcrlich auch eine Probefahrt.<\/p>\n\n<\/div><\/details><\/div>\n\n<div class=\"lightweight-accordion\"><details><summary class=\"lightweight-accordion-title\"><span><strong>Charterpreis<\/strong><\/span><\/summary><div class=\"lightweight-accordion-body\">\n\n<p>Im Charterpreis ist das komplette Inventar mit Haushalts- und Bootszubeh\u00f6r enthalten, sowie das Gas zum Kochen und 120 l Wasser. Das Benzin wird nach Verbrauch am Ende der Reise abgerechnet. Duschen: An Bord befindet sich eine Au\u00dfendusche.<\/p>\n\n<\/div><\/details><\/div>\n\n<div class=\"lightweight-accordion\"><details><summary class=\"lightweight-accordion-title\"><span><strong>Endreinigung<\/strong><\/span><\/summary><div class=\"lightweight-accordion-body\">\n\n<p>Wir bitten Sie Ihr Boot besenrein und mit gereinigtem Geschirr zur\u00fcckzugeben. Wir behalten uns vor, bei gro\u00dfen Verunreinigungen wie z. B. Flecken in den Betten, der Couch oder sonstigen gro\u00dfr\u00e4umigen Verschmutzungen, den zus\u00e4tzlichen Reinigungsaufwand zu berechnen. Die Endreinigung wird von unserem Team durchgef\u00fchrt, so kann eine gleichbleibende Qualit\u00e4t gew\u00e4hrleistet werden.<\/p>\n\n<\/div><\/details><\/div>\n\n<div class=\"lightweight-accordion\"><details><summary class=\"lightweight-accordion-title\"><span><strong>Fahrradmitnahme<\/strong><\/span><\/summary><div class=\"lightweight-accordion-body\">\n\n<p>Fahrr\u00e4der sind bei uns an Bord nicht erlaubt.<\/p>\n\n<\/div><\/details><\/div>\n\n<div class=\"lightweight-accordion\"><details><summary class=\"lightweight-accordion-title\"><span><strong>Gep\u00e4ck<\/strong><\/span><\/summary><div class=\"lightweight-accordion-body\">\n\n<p>Da der Platz an Bord begrenzt ist, empfehlen wir Ihnen die Nutzung von Reisetaschen anstelle von Koffern.<\/p>\n\n<\/div><\/details><\/div>\n\n<div class=\"lightweight-accordion\"><details><summary class=\"lightweight-accordion-title\"><span><strong>Haustiere<\/strong><\/span><\/summary><div class=\"lightweight-accordion-body\">\n\n<p>Es ist leider nicht gestattet Haustiere mit an Bord zu nehmen.<\/p>\n\n<\/div><\/details><\/div>\n\n<div class=\"lightweight-accordion\"><details><summary class=\"lightweight-accordion-title\"><span><strong>Heizung<\/strong><\/span><\/summary><div class=\"lightweight-accordion-body\">\n\n<p>Alle unsere Boote sind mit einem Bio-Ethanol-Kamin ausgestattet. Dieser macht das Hausboot kuschelig warm, so kann man auch k\u00fchlere oder verregnete Tage auf dem Wasser verbringen. Die erste Flasche Bio-Ethanol stellen wir Ihnen zur Verf\u00fcgung.<\/p>\n\n<\/div><\/details><\/div>\n\n<div class=\"lightweight-accordion\"><details><summary class=\"lightweight-accordion-title\"><span><strong>Mietkaution<\/strong><\/span><\/summary><div class=\"lightweight-accordion-body\">\n\n<p>Bei der \u00dcbergabe ist eine Kaution zu hinterlegen. Diese bel\u00e4uft sich auf 500 Euro und <strong>muss<\/strong> in Bar hinterlegt werden.<\/p>\n\n<\/div><\/details><\/div>\n\n<div class=\"lightweight-accordion\"><details><summary class=\"lightweight-accordion-title\"><span><strong>Mindestbesatzung<\/strong><\/span><\/summary><div class=\"lightweight-accordion-body\">\n\n<p>Auf jedem Boot m\u00fcssen mind. zwei Personen sein. Eine Person muss mind. 18 Jahre alt sein und die zweite Person mind. 16 Jahre.<\/p>\n\n<\/div><\/details><\/div>\n\n<div class=\"lightweight-accordion\"><details><summary class=\"lightweight-accordion-title\"><span><strong>Parkpl\u00e4tze<\/strong><\/span><\/summary><div class=\"lightweight-accordion-body\">\n\n<p>Parkpl\u00e4tze befinden sich direkt am \u00dcbergabehafen. Ein Parkplatz ist in der Buchung inkludiert, weitere Parkpl\u00e4tze k\u00f6nnen gegen Aufpreis w\u00e4hrend der Buchung angemietet werden. Die Parkgeb\u00fchr pro Tag betr\u00e4gt 5 Euro je zus\u00e4tzlichem Fahrzeug.<\/p>\n\n<\/div><\/details><\/div>\n\n<div class=\"lightweight-accordion\"><details><summary class=\"lightweight-accordion-title\"><span><strong>Rauchen<\/strong><\/span><\/summary><div class=\"lightweight-accordion-body\">\n\n<p>Im Boot und am Heck (in der N\u00e4he des Motors\/der Kraftstoffbeh\u00e4lter\/der Gasanlage) herrscht absolutes Rauchverbot. Im Bug-Bereich ist Rauchen gestattet (Aschenbecher vorhanden).<\/p>\n\n<\/div><\/details><\/div>\n\n<div class=\"lightweight-accordion\"><details><summary class=\"lightweight-accordion-title\"><span><strong>Schleusendurchfahrten<\/strong><\/span><\/summary><div class=\"lightweight-accordion-body\">\n\n<p>Es gibt, je nach Region, Schleusen im automatischen Betrieb, Schleusen, die Sie selbst bedienen sowie Schleusen mit Schleusenw\u00e4rtern. Generell sind f\u00fcr das Schleusen mindestens 2 Personen an Bord Voraussetzung - ein Bootsf\u00fchrer und ein Bootsmann. Die Hollyboote sind sehr wendig und lassen sich gut durch enge Bereiche man\u00f6vrieren. Augen auf und Ruhe bewahren ist beim Schleusen ist das oberste Gebot.<\/p>\n\n<\/div><\/details><\/div>\n\n<div class=\"lightweight-accordion\"><details><summary class=\"lightweight-accordion-title\"><span><strong>Toilettenpapier<\/strong><\/span><\/summary><div class=\"lightweight-accordion-body\">\n\n<p>Wir m\u00f6chten Sie bitten, nur das vorhandene Toilettenpapier zu benutzen. Wir stellen es Ihnen in ausreichender Menge zur Verf\u00fcgung. Entstandene Kosten durch falsche Entsorgung (Hygieneartikel\/Haushaltspapier usw.) sind vollst\u00e4ndig vom Kunden zu tragen.<\/p>\n\n<\/div><\/details><\/div>\n\n<div class=\"lightweight-accordion\"><details><summary class=\"lightweight-accordion-title\"><span><strong>Treibstoff<\/strong><\/span><\/summary><div class=\"lightweight-accordion-body\">\n\n<p>Sie \u00fcbernehmen das Hausboot mit vollem Tank und \u00fcbergeben es entweder wieder mit vollem Tank oder zahlen den Minderinhalt zum Wassertankstellen-Tagespreis.<\/p>\n\n<\/div><\/details><\/div>\n\n<div class=\"lightweight-accordion\"><details><summary class=\"lightweight-accordion-title\"><span><strong>\u00dcbernachtung<\/strong><\/span><\/summary><div class=\"lightweight-accordion-body\">\n\n<p>Die Sitzgruppe in der Innenkabine wird zu einem Doppelbett, mit einer Liegefl\u00e4che (160 x 200 cm) umgeklappt. Zus\u00e4tzlich gibt es gegen\u00fcber noch ein Doppelstockbett (jeweils 200 cm x 70 cm).<\/p>\n\n<\/div><\/details><\/div>\n\n<div class=\"lightweight-accordion\"><details><summary class=\"lightweight-accordion-title\"><span><strong>\u00dcbernahme des Bootes<\/strong><\/span><\/summary><div class=\"lightweight-accordion-body\">\n\n<p>Wir sind stets bem\u00fcht die \u00dcbergabezeit, die f\u00fcr Sie in der Buchung notiert wurde, auch einzuhalten. Bevor Sie aus dem Hafen auslaufen k\u00f6nnen, erhalten Sie eine Einweisung in das Boot.<\/p>\n\n\n\n<p>Normalerweise findet die \u00dcbergabe um 14 Uhr statt und die R\u00fcckgabe um 10 Uhr. Bitte sorgen Sie daf\u00fcr, dass das Hollyboot p\u00fcnktlich zur vereinbarten Zeit besenrein und ger\u00e4umt ist.<\/p>\n\n<\/div><\/details><\/div>\n\n<div class=\"lightweight-accordion\"><details><summary class=\"lightweight-accordion-title\"><span><strong>Unfall<\/strong><\/span><\/summary><div class=\"lightweight-accordion-body\">\n\n<p>Bitte Ruhe bewahren! Rufen Sie uns unverz\u00fcglich an, um den Schaden zu melden und die weitere Vorgehensweise abzustimmen. Durch die Unfallparteien muss ein Schadensprotokoll erstellt und unterzeichnet sowie die Wasserschutzpolizei gerufen werden. Bitte zwingend die Kontaktdaten aller Beteiligten aufnehmen und Fotos vom Unfallschaden machen!<\/p>\n\n<\/div><\/details><\/div>\n\n<div class=\"lightweight-accordion\"><details><summary class=\"lightweight-accordion-title\"><span><strong>Versicherung<\/strong><\/span><\/summary><div class=\"lightweight-accordion-body\">\n\n<p>Unsere Hausboote sind durch eine Vollkasko- und Haftpflichtversicherung abgesichert. Die Selbstbeteiligung der Vollkaskoversicherung betr\u00e4gt 500 Euro. Bei durch den Charterer verursachte Sch\u00e4den haftet dieser bis zur H\u00f6he der Selbstbeteiligung. In voller H\u00f6he haftet der Charterer f\u00fcr Sch\u00e4den, welche dieser vors\u00e4tzlich oder grob fahrl\u00e4ssig (Trunkenheit etc.) verursacht. Die Kaution ist vor Reiseantritt in Bar zu hinterlegen.<\/p>\n\n<\/div><\/details><\/div>\n\n\n<div style=\"height:36px\" aria-hidden=\"true\" class=\"wp-block-spacer\"><\/div>\n\n\n\n<p class=\"has-text-align-center\">Sie haben Fragen oder ben\u00f6tigen Unterst\u00fctzung bei der Auswahl? Z\u00f6gern Sie nicht, uns \u00fcber unser <a href=\"https:\/\/www.hollyboot.de\/index.php\/contact-us\/\" data-type=\"page\" data-id=\"31\">Kontaktformular<\/a> zu erreichen oder rufen Sie uns direkt an. Wir freuen uns auf Ihren Anruf!<\/p>\n\n\n\n<div style=\"height:75px\" aria-hidden=\"true\" class=\"wp-block-spacer\"><\/div>\n\n\n\n<div style=\"height:75px\" aria-hidden=\"true\" class=\"wp-block-spacer\"><\/div>\n","protected":false},"excerpt":{"rendered":"<p>Hier haben wir die Antworten auf die h\u00e4ufigsten Fragen f\u00fcr Sie zusammengestellt. Sollten wir etwas vergessen haben, oder Sie eine Frage haben die hier nicht beantwortet wurde, dann nutzen Sie bitte unser Kontaktformular oder rufen Sie uns gerne an. Wir freuen uns auf Ihren Anruf!. Sie haben Fragen oder ben\u00f6tigen Unterst\u00fctzung bei der Auswahl? Z\u00f6gern &hellip; <\/p>\n<p class=\"link-more\"><a href=\"https:\/\/www.hollyboot.de\/index.php\/gut-zu-wissen\/\" class=\"more-link\"><span class=\"screen-reader-text\"> prova \"Gut zu wissen...\"<\/span><\/a><\/p>\n","protected":false},"author":1,"featured_media":0,"parent":0,"menu_order":0,"comment_status":"closed","ping_status":"closed","template":"","meta":{"footnotes":""},"class_list":["post-155","page","type-page","status-publish","hentry"],"yoast_head":"<!-- This site is optimized with the Yoast SEO plugin v27.5 - https:\/\/yoast.com\/product\/yoast-seo-wordpress\/ -->\n<title>Gut zu wissen... - Hollyboot Charter<\/title>\n<meta name=\"robots\" content=\"index, follow, max-snippet:-1, max-image-preview:large, max-video-preview:-1\" \/>\n<link rel=\"canonical\" href=\"https:\/\/www.hollyboot.de\/index.php\/gut-zu-wissen\/\" \/>\n<meta property=\"og:locale\" content=\"de_DE\" \/>\n<meta property=\"og:type\" content=\"article\" \/>\n<meta property=\"og:title\" content=\"Gut zu wissen... - Hollyboot Charter\" \/>\n<meta property=\"og:description\" content=\"Hier haben wir die Antworten auf die h\u00e4ufigsten Fragen f\u00fcr Sie zusammengestellt. Sollten wir etwas vergessen haben, oder Sie eine Frage haben die hier nicht beantwortet wurde, dann nutzen Sie bitte unser Kontaktformular oder rufen Sie uns gerne an. Wir freuen uns auf Ihren Anruf!. Sie haben Fragen oder ben\u00f6tigen Unterst\u00fctzung bei der Auswahl? Z\u00f6gern &hellip; prova &quot;Gut zu wissen...&quot;\" \/>\n<meta property=\"og:url\" content=\"https:\/\/www.hollyboot.de\/index.php\/gut-zu-wissen\/\" \/>\n<meta property=\"og:site_name\" content=\"Hollyboot Charter\" \/>\n<meta property=\"article:publisher\" content=\"https:\/\/www.facebook.com\/p\/Hollyboot-Charter-100054521408102\" \/>\n<meta property=\"article:modified_time\" content=\"2025-06-12T08:29:22+00:00\" \/>\n<meta name=\"twitter:card\" content=\"summary_large_image\" \/>\n<meta name=\"twitter:label1\" content=\"Gesch\u00e4tzte Lesezeit\" \/>\n\t<meta name=\"twitter:data1\" content=\"5\u00a0Minuten\" \/>\n<script type=\"application\/ld+json\" class=\"yoast-schema-graph\">{\"@context\":\"https:\\\/\\\/schema.org\",\"@graph\":[{\"@type\":\"WebPage\",\"@id\":\"https:\\\/\\\/www.hollyboot.de\\\/index.php\\\/gut-zu-wissen\\\/\",\"url\":\"https:\\\/\\\/www.hollyboot.de\\\/index.php\\\/gut-zu-wissen\\\/\",\"name\":\"Gut zu wissen... - Hollyboot Charter\",\"isPartOf\":{\"@id\":\"https:\\\/\\\/www.hollyboot.de\\\/#website\"},\"datePublished\":\"2024-09-13T07:23:06+00:00\",\"dateModified\":\"2025-06-12T08:29:22+00:00\",\"breadcrumb\":{\"@id\":\"https:\\\/\\\/www.hollyboot.de\\\/index.php\\\/gut-zu-wissen\\\/#breadcrumb\"},\"inLanguage\":\"de\",\"potentialAction\":[{\"@type\":\"ReadAction\",\"target\":[\"https:\\\/\\\/www.hollyboot.de\\\/index.php\\\/gut-zu-wissen\\\/\"]}]},{\"@type\":\"BreadcrumbList\",\"@id\":\"https:\\\/\\\/www.hollyboot.de\\\/index.php\\\/gut-zu-wissen\\\/#breadcrumb\",\"itemListElement\":[{\"@type\":\"ListItem\",\"position\":1,\"name\":\"Startseite\",\"item\":\"https:\\\/\\\/www.hollyboot.de\\\/\"},{\"@type\":\"ListItem\",\"position\":2,\"name\":\"Gut zu wissen&#8230;\"}]},{\"@type\":\"WebSite\",\"@id\":\"https:\\\/\\\/www.hollyboot.de\\\/#website\",\"url\":\"https:\\\/\\\/www.hollyboot.de\\\/\",\"name\":\"Hollyboot Charter\",\"description\":\"\",\"publisher\":{\"@id\":\"https:\\\/\\\/www.hollyboot.de\\\/#organization\"},\"potentialAction\":[{\"@type\":\"SearchAction\",\"target\":{\"@type\":\"EntryPoint\",\"urlTemplate\":\"https:\\\/\\\/www.hollyboot.de\\\/?s={search_term_string}\"},\"query-input\":{\"@type\":\"PropertyValueSpecification\",\"valueRequired\":true,\"valueName\":\"search_term_string\"}}],\"inLanguage\":\"de\"},{\"@type\":\"Organization\",\"@id\":\"https:\\\/\\\/www.hollyboot.de\\\/#organization\",\"name\":\"Hollyboot Charter\",\"url\":\"https:\\\/\\\/www.hollyboot.de\\\/\",\"logo\":{\"@type\":\"ImageObject\",\"inLanguage\":\"de\",\"@id\":\"https:\\\/\\\/www.hollyboot.de\\\/#\\\/schema\\\/logo\\\/image\\\/\",\"url\":\"https:\\\/\\\/www.hollyboot.de\\\/wp-content\\\/uploads\\\/2024\\\/09\\\/Logo_klein.png\",\"contentUrl\":\"https:\\\/\\\/www.hollyboot.de\\\/wp-content\\\/uploads\\\/2024\\\/09\\\/Logo_klein.png\",\"width\":250,\"height\":98,\"caption\":\"Hollyboot Charter\"},\"image\":{\"@id\":\"https:\\\/\\\/www.hollyboot.de\\\/#\\\/schema\\\/logo\\\/image\\\/\"},\"sameAs\":[\"https:\\\/\\\/www.facebook.com\\\/p\\\/Hollyboot-Charter-100054521408102\",\"https:\\\/\\\/www.instagram.com\\\/hollyboot.charter\"]}]}<\/script>\n<!-- \/ Yoast SEO plugin. -->","yoast_head_json":{"title":"Gut zu wissen... - Hollyboot Charter","robots":{"index":"index","follow":"follow","max-snippet":"max-snippet:-1","max-image-preview":"max-image-preview:large","max-video-preview":"max-video-preview:-1"},"canonical":"https:\/\/www.hollyboot.de\/index.php\/gut-zu-wissen\/","og_locale":"de_DE","og_type":"article","og_title":"Gut zu wissen... - Hollyboot Charter","og_description":"Hier haben wir die Antworten auf die h\u00e4ufigsten Fragen f\u00fcr Sie zusammengestellt. Sollten wir etwas vergessen haben, oder Sie eine Frage haben die hier nicht beantwortet wurde, dann nutzen Sie bitte unser Kontaktformular oder rufen Sie uns gerne an. Wir freuen uns auf Ihren Anruf!. Sie haben Fragen oder ben\u00f6tigen Unterst\u00fctzung bei der Auswahl? Z\u00f6gern &hellip; prova \"Gut zu wissen...\"","og_url":"https:\/\/www.hollyboot.de\/index.php\/gut-zu-wissen\/","og_site_name":"Hollyboot Charter","article_publisher":"https:\/\/www.facebook.com\/p\/Hollyboot-Charter-100054521408102","article_modified_time":"2025-06-12T08:29:22+00:00","twitter_card":"summary_large_image","twitter_misc":{"Gesch\u00e4tzte Lesezeit":"5\u00a0Minuten"},"schema":{"@context":"https:\/\/schema.org","@graph":[{"@type":"WebPage","@id":"https:\/\/www.hollyboot.de\/index.php\/gut-zu-wissen\/","url":"https:\/\/www.hollyboot.de\/index.php\/gut-zu-wissen\/","name":"Gut zu wissen... - Hollyboot Charter","isPartOf":{"@id":"https:\/\/www.hollyboot.de\/#website"},"datePublished":"2024-09-13T07:23:06+00:00","dateModified":"2025-06-12T08:29:22+00:00","breadcrumb":{"@id":"https:\/\/www.hollyboot.de\/index.php\/gut-zu-wissen\/#breadcrumb"},"inLanguage":"de","potentialAction":[{"@type":"ReadAction","target":["https:\/\/www.hollyboot.de\/index.php\/gut-zu-wissen\/"]}]},{"@type":"BreadcrumbList","@id":"https:\/\/www.hollyboot.de\/index.php\/gut-zu-wissen\/#breadcrumb","itemListElement":[{"@type":"ListItem","position":1,"name":"Startseite","item":"https:\/\/www.hollyboot.de\/"},{"@type":"ListItem","position":2,"name":"Gut zu wissen&#8230;"}]},{"@type":"WebSite","@id":"https:\/\/www.hollyboot.de\/#website","url":"https:\/\/www.hollyboot.de\/","name":"Hollyboot Charter","description":"","publisher":{"@id":"https:\/\/www.hollyboot.de\/#organization"},"potentialAction":[{"@type":"SearchAction","target":{"@type":"EntryPoint","urlTemplate":"https:\/\/www.hollyboot.de\/?s={search_term_string}"},"query-input":{"@type":"PropertyValueSpecification","valueRequired":true,"valueName":"search_term_string"}}],"inLanguage":"de"},{"@type":"Organization","@id":"https:\/\/www.hollyboot.de\/#organization","name":"Hollyboot Charter","url":"https:\/\/www.hollyboot.de\/","logo":{"@type":"ImageObject","inLanguage":"de","@id":"https:\/\/www.hollyboot.de\/#\/schema\/logo\/image\/","url":"https:\/\/www.hollyboot.de\/wp-content\/uploads\/2024\/09\/Logo_klein.png","contentUrl":"https:\/\/www.hollyboot.de\/wp-content\/uploads\/2024\/09\/Logo_klein.png","width":250,"height":98,"caption":"Hollyboot Charter"},"image":{"@id":"https:\/\/www.hollyboot.de\/#\/schema\/logo\/image\/"},"sameAs":["https:\/\/www.facebook.com\/p\/Hollyboot-Charter-100054521408102","https:\/\/www.instagram.com\/hollyboot.charter"]}]}},"_links":{"self":[{"href":"https:\/\/www.hollyboot.de\/index.php\/wp-json\/wp\/v2\/pages\/155","targetHints":{"allow":["GET"]}}],"collection":[{"href":"https:\/\/www.hollyboot.de\/index.php\/wp-json\/wp\/v2\/pages"}],"about":[{"href":"https:\/\/www.hollyboot.de\/index.php\/wp-json\/wp\/v2\/types\/page"}],"author":[{"embeddable":true,"href":"https:\/\/www.hollyboot.de\/index.php\/wp-json\/wp\/v2\/users\/1"}],"replies":[{"embeddable":true,"href":"https:\/\/www.hollyboot.de\/index.php\/wp-json\/wp\/v2\/comments?post=155"}],"version-history":[{"count":24,"href":"https:\/\/www.hollyboot.de\/index.php\/wp-json\/wp\/v2\/pages\/155\/revisions"}],"predecessor-version":[{"id":838,"href":"https:\/\/www.hollyboot.de\/index.php\/wp-json\/wp\/v2\/pages\/155\/revisions\/838"}],"wp:attachment":[{"href":"https:\/\/www.hollyboot.de\/index.php\/wp-json\/wp\/v2\/media?parent=155"}],"curies":[{"name":"wp","href":"https:\/\/api.w.org\/{rel}","templated":true}]}}